{"id":1473,"date":"2025-09-24T10:59:15","date_gmt":"2025-09-24T14:59:15","guid":{"rendered":"https:\/\/youth-futures.com\/jeunesse\/"},"modified":"2025-10-31T08:21:40","modified_gmt":"2025-10-31T12:21:40","slug":"jeunesse","status":"publish","type":"page","link":"https:\/\/youth-futures.com\/fr\/jeunesse\/","title":{"rendered":"Jeunesse"},"content":{"rendered":"\t\t<div data-elementor-type=\"wp-page\" data-elementor-id=\"1473\" class=\"elementor elementor-1473 elementor-1434\" data-elementor-post-type=\"page\">\n\t\t\t\t\t\t<section class=\"elementor-section elementor-top-section elementor-element elementor-element-58954c9 elementor-section-full_width elementor-section-height-min-height elementor-section-height-default elementor-section-items-middle\" data-id=\"58954c9\" data-element_type=\"section\" data-settings=\"{&quot;background_background&quot;:&quot;classic&quot;}\">\n\t\t\t\t\t\t<div class=\"elementor-container elementor-column-gap-no\">\n\t\t\t\t\t<div class=\"elementor-column elementor-col-50 elementor-top-column elementor-element elementor-element-bfcc533\" data-id=\"bfcc533\" data-element_type=\"column\" data-settings=\"{&quot;background_background&quot;:&quot;classic&quot;}\">\n\t\t\t<div class=\"elementor-widget-wrap elementor-element-populated\">\n\t\t\t\t\t\t<div class=\"elementor-element elementor-element-a592145 elementor-widget elementor-widget-heading\" data-id=\"a592145\" data-element_type=\"widget\" data-widget_type=\"heading.default\">\n\t\t\t\t<div class=\"elementor-widget-container\">\n\t\t\t<h2 class=\"elementor-heading-title elementor-size-default\">Jeunesse<\/h2>\t\t<\/div>\n\t\t\t\t<\/div>\n\t\t\t\t\t<\/div>\n\t\t<\/div>\n\t\t\t\t<div class=\"elementor-column elementor-col-50 elementor-top-column elementor-element elementor-element-802164e\" data-id=\"802164e\" data-element_type=\"column\" data-settings=\"{&quot;background_background&quot;:&quot;classic&quot;}\">\n\t\t\t<div class=\"elementor-widget-wrap elementor-element-populated\">\n\t\t\t\t\t\t<div class=\"elementor-element elementor-element-e56f125 elementor-widget elementor-widget-image\" data-id=\"e56f125\" data-element_type=\"widget\" data-widget_type=\"image.default\">\n\t\t\t\t<div class=\"elementor-widget-container\">\n\t\t\t\t\t\t\t\t\t\t\t\t\t<img fetchpriority=\"high\" decoding=\"async\" width=\"800\" height=\"532\" src=\"https:\/\/youth-futures.com\/wp-content\/uploads\/2025\/09\/1-_DSC0654-1024x681.jpg\" class=\"attachment-large size-large wp-image-1436\" alt=\"\" srcset=\"https:\/\/youth-futures.com\/wp-content\/uploads\/2025\/09\/1-_DSC0654-1024x681.jpg 1024w, https:\/\/youth-futures.com\/wp-content\/uploads\/2025\/09\/1-_DSC0654-300x200.jpg 300w, https:\/\/youth-futures.com\/wp-content\/uploads\/2025\/09\/1-_DSC0654-768x511.jpg 768w, https:\/\/youth-futures.com\/wp-content\/uploads\/2025\/09\/1-_DSC0654-1536x1022.jpg 1536w, https:\/\/youth-futures.com\/wp-content\/uploads\/2025\/09\/1-_DSC0654-2048x1363.jpg 2048w\" sizes=\"(max-width: 800px) 100vw, 800px\" \/>\t\t\t\t\t\t\t\t\t\t\t\t\t<\/div>\n\t\t\t\t<\/div>\n\t\t\t\t\t<\/div>\n\t\t<\/div>\n\t\t\t\t\t<\/div>\n\t\t<\/section>\n\t\t\t\t<section class=\"elementor-section elementor-top-section elementor-element elementor-element-e317288 elementor-section-boxed elementor-section-height-default elementor-section-height-default\" data-id=\"e317288\" data-element_type=\"section\">\n\t\t\t\t\t\t<div class=\"elementor-container elementor-column-gap-default\">\n\t\t\t\t\t<div class=\"elementor-column elementor-col-100 elementor-top-column elementor-element elementor-element-0b851b6\" data-id=\"0b851b6\" data-element_type=\"column\">\n\t\t\t<div class=\"elementor-widget-wrap\">\n\t\t\t\t\t\t\t<\/div>\n\t\t<\/div>\n\t\t\t\t\t<\/div>\n\t\t<\/section>\n\t\t\t\t<section class=\"elementor-section elementor-top-section elementor-element elementor-element-2adaaad elementor-section-boxed elementor-section-height-default elementor-section-height-default\" data-id=\"2adaaad\" data-element_type=\"section\">\n\t\t\t\t\t\t<div class=\"elementor-container elementor-column-gap-no\">\n\t\t\t\t\t<div class=\"elementor-column elementor-col-100 elementor-top-column elementor-element elementor-element-3256e13\" data-id=\"3256e13\" data-element_type=\"column\">\n\t\t\t<div class=\"elementor-widget-wrap elementor-element-populated\">\n\t\t\t\t\t\t<div class=\"elementor-element elementor-element-0aa9ae0 elementor-widget elementor-widget-text-editor\" data-id=\"0aa9ae0\" data-element_type=\"widget\" data-widget_type=\"text-editor.default\">\n\t\t\t\t<div class=\"elementor-widget-container\">\n\t\t\t\t\t\t\t<h1><strong>Votre avenir commence ici<\/strong><\/h1>\n\t\t\t\t\t\t<\/div>\n\t\t\t\t<\/div>\n\t\t\t\t<div class=\"elementor-element elementor-element-f021721 elementor-widget elementor-widget-text-editor\" data-id=\"f021721\" data-element_type=\"widget\" data-widget_type=\"text-editor.default\">\n\t\t\t\t<div class=\"elementor-widget-container\">\n\t\t\t\t\t\t\t<p>\u00cates-vous un \u00e9l\u00e8ve du secondaire \u00e2g\u00e9 de 16 \u00e0 21 ans, m\u00e9ritant une aide financi\u00e8re, vivant dans une communaut\u00e9 \u00e0 faible revenu et dans un logement social ?<\/p>\n\t\t\t\t\t\t<\/div>\n\t\t\t\t<\/div>\n\t\t\t\t<div class=\"elementor-element elementor-element-bd073c9 elementor-widget elementor-widget-text-editor\" data-id=\"bd073c9\" data-element_type=\"widget\" data-widget_type=\"text-editor.default\">\n\t\t\t\t<div class=\"elementor-widget-container\">\n\t\t\t\t\t\t\t<p>Avenir Jeunesse vous offre la possibilit\u00e9 de :<\/p>\n<ul>\n<li>Acqu\u00e9rir des comp\u00e9tences pratiques<\/li>\n<li>Rencontrer des mentors et de nouveaux amis<\/li>\n<li>Acqu\u00e9rir une exp\u00e9rience professionnelle pr\u00e9cieuse et \u00e9largir votre r\u00e9seau<\/li>\n<li>Vous pr\u00e9parer \u00e0 l&rsquo;universit\u00e9 ou \u00e0 une carri\u00e8re professionnelle<\/li>\n<li>Faire une diff\u00e9rence dans votre communaut\u00e9<\/li>\n<li>Renforcer votre confiance en vous<\/li>\n<\/ul>\n\t\t\t\t\t\t<\/div>\n\t\t\t\t<\/div>\n\t\t\t\t<div class=\"elementor-element elementor-element-a49a09d elementor-widget elementor-widget-image\" data-id=\"a49a09d\" data-element_type=\"widget\" data-widget_type=\"image.default\">\n\t\t\t\t<div class=\"elementor-widget-container\">\n\t\t\t\t\t\t\t\t\t\t\t\t\t<img decoding=\"async\" width=\"768\" height=\"512\" src=\"https:\/\/youth-futures.com\/wp-content\/uploads\/2025\/09\/DSC04904-768x512.jpg\" class=\"attachment-medium_large size-medium_large wp-image-1465\" alt=\"\" srcset=\"https:\/\/youth-futures.com\/wp-content\/uploads\/2025\/09\/DSC04904-768x512.jpg 768w, https:\/\/youth-futures.com\/wp-content\/uploads\/2025\/09\/DSC04904-300x200.jpg 300w, https:\/\/youth-futures.com\/wp-content\/uploads\/2025\/09\/DSC04904-1024x683.jpg 1024w, https:\/\/youth-futures.com\/wp-content\/uploads\/2025\/09\/DSC04904-1536x1024.jpg 1536w, https:\/\/youth-futures.com\/wp-content\/uploads\/2025\/09\/DSC04904-2048x1365.jpg 2048w\" sizes=\"(max-width: 768px) 100vw, 768px\" \/>\t\t\t\t\t\t\t\t\t\t\t\t\t<\/div>\n\t\t\t\t<\/div>\n\t\t\t\t<div class=\"elementor-element elementor-element-db50d06 elementor-widget elementor-widget-text-editor\" data-id=\"db50d06\" data-element_type=\"widget\" data-widget_type=\"text-editor.default\">\n\t\t\t\t<div class=\"elementor-widget-container\">\n\t\t\t\t\t\t\t<h2><strong>Qu&rsquo;est-ce qui rend Avenir Jeunesse diff\u00e9rent ?<\/strong><\/h2>\n\t\t\t\t\t\t<\/div>\n\t\t\t\t<\/div>\n\t\t\t\t<div class=\"elementor-element elementor-element-48f3190 elementor-widget elementor-widget-text-editor\" data-id=\"48f3190\" data-element_type=\"widget\" data-widget_type=\"text-editor.default\">\n\t\t\t\t<div class=\"elementor-widget-container\">\n\t\t\t\t\t\t\t<p>Ce n&rsquo;est pas simplement un programme parmi tant d&rsquo;autres, c&rsquo;est une exp\u00e9rience.<\/p>\n<ul>\n<li><strong>Entra\u00eenez-vous dans un but pr\u00e9cis :<\/strong> leadership, communication, r\u00e9solution de conflits.<\/li>\n<li><strong>Gagnez de l&rsquo;argent tout en apprenant : <\/strong>Placements r\u00e9mun\u00e9r\u00e9s pour des emplois d&rsquo;\u00e9t\u00e9 et possibilit\u00e9 d&rsquo;obtenir des cr\u00e9dits COOP au niveau secondaire.<\/li>\n<li><strong>Brisez les barri\u00e8res :<\/strong> nous vous accompagnons \u00e0 chaque \u00e9tape.<\/li>\n<li><strong>Ouvrez de nouvelles portes :<\/strong> soutien postsecondaire, planification de carri\u00e8re et mentorat.<\/li>\n<\/ul>\n\t\t\t\t\t\t<\/div>\n\t\t\t\t<\/div>\n\t\t\t\t<div class=\"elementor-element elementor-element-2d11f75 elementor-widget elementor-widget-text-editor\" data-id=\"2d11f75\" data-element_type=\"widget\" data-widget_type=\"text-editor.default\">\n\t\t\t\t<div class=\"elementor-widget-container\">\n\t\t\t\t\t\t\t<h2><strong>Pourquoi adh\u00e9rer ?<\/strong><\/h2>\n\t\t\t\t\t\t<\/div>\n\t\t\t\t<\/div>\n\t\t\t\t<div class=\"elementor-element elementor-element-de26535 elementor-widget elementor-widget-text-editor\" data-id=\"de26535\" data-element_type=\"widget\" data-widget_type=\"text-editor.default\">\n\t\t\t\t<div class=\"elementor-widget-container\">\n\t\t\t\t\t\t\t<p>Parce que votre avenir est trop important pour \u00eatre laiss\u00e9 au hasard.<br \/>\nCe programme vous offre les outils, le soutien et les opportunit\u00e9s n\u00e9cessaires pour vous propulser vers l&rsquo;avant.<\/p>\n\t\t\t\t\t\t<\/div>\n\t\t\t\t<\/div>\n\t\t\t\t<div class=\"elementor-element elementor-element-1bd0149 elementor-widget elementor-widget-text-editor\" data-id=\"1bd0149\" data-element_type=\"widget\" data-widget_type=\"text-editor.default\">\n\t\t\t\t<div class=\"elementor-widget-container\">\n\t\t\t\t\t\t\t<h2><strong>Pr\u00eat \u00e0 prendre votre avenir en main ?<\/strong><\/h2>\n\t\t\t\t\t\t<\/div>\n\t\t\t\t<\/div>\n\t\t\t\t<div class=\"elementor-element elementor-element-9bc331f elementor-widget elementor-widget-text-editor\" data-id=\"9bc331f\" data-element_type=\"widget\" data-widget_type=\"text-editor.default\">\n\t\t\t\t<div class=\"elementor-widget-container\">\n\t\t\t\t\t\t\t<p>Les candidatures pour la promotion 2026 sont d\u00e9sormais ouvertes.<\/p>\n\t\t\t\t\t\t<\/div>\n\t\t\t\t<\/div>\n\t\t\t\t<div class=\"elementor-element elementor-element-5892707 elementor-align-center elementor-widget elementor-widget-button\" data-id=\"5892707\" data-element_type=\"widget\" data-widget_type=\"button.default\">\n\t\t\t\t<div class=\"elementor-widget-container\">\n\t\t\t\t\t\t\t<div class=\"elementor-button-wrapper\">\n\t\t\t\t\t<a class=\"elementor-button elementor-button-link elementor-size-sm\" href=\"https:\/\/ottawa.ca\/en\/family-and-social-services\/youth-0\/youth-futures-closed\">\n\t\t\t\t\t\t<span class=\"elementor-button-content-wrapper\">\n\t\t\t\t\t\t\t\t\t<span class=\"elementor-button-text\">Postulez d\u00e8s maintenant !<\/span>\n\t\t\t\t\t<\/span>\n\t\t\t\t\t<\/a>\n\t\t\t\t<\/div>\n\t\t\t\t\t\t<\/div>\n\t\t\t\t<\/div>\n\t\t\t\t\t<\/div>\n\t\t<\/div>\n\t\t\t\t\t<\/div>\n\t\t<\/section>\n\t\t\t\t<\/div>\n\t\t","protected":false},"excerpt":{"rendered":"<p>Votre avenir commence ici \u00cates-vous un \u00e9l\u00e8ve du secondaire \u00e2g\u00e9 de 16 \u00e0 21 ans, m\u00e9ritant une aide financi\u00e8re, vivant dans une communaut\u00e9 \u00e0 faible revenu et dans un logement social ? Avenir Jeunesse vous offre la possibilit\u00e9 de : Acqu\u00e9rir des comp\u00e9tences pratiques Rencontrer des mentors et de nouveaux amis Acqu\u00e9rir une exp\u00e9rience professionnelle [&hellip;]<\/p>\n","protected":false},"author":6,"featured_media":0,"parent":0,"menu_order":0,"comment_status":"closed","ping_status":"closed","template":"","meta":{"footnotes":""},"class_list":["post-1473","page","type-page","status-publish","hentry"],"_links":{"self":[{"href":"https:\/\/youth-futures.com\/fr\/wp-json\/wp\/v2\/pages\/1473","targetHints":{"allow":["GET"]}}],"collection":[{"href":"https:\/\/youth-futures.com\/fr\/wp-json\/wp\/v2\/pages"}],"about":[{"href":"https:\/\/youth-futures.com\/fr\/wp-json\/wp\/v2\/types\/page"}],"author":[{"embeddable":true,"href":"https:\/\/youth-futures.com\/fr\/wp-json\/wp\/v2\/users\/6"}],"replies":[{"embeddable":true,"href":"https:\/\/youth-futures.com\/fr\/wp-json\/wp\/v2\/comments?post=1473"}],"version-history":[{"count":3,"href":"https:\/\/youth-futures.com\/fr\/wp-json\/wp\/v2\/pages\/1473\/revisions"}],"predecessor-version":[{"id":1650,"href":"https:\/\/youth-futures.com\/fr\/wp-json\/wp\/v2\/pages\/1473\/revisions\/1650"}],"wp:attachment":[{"href":"https:\/\/youth-futures.com\/fr\/wp-json\/wp\/v2\/media?parent=1473"}],"curies":[{"name":"wp","href":"https:\/\/api.w.org\/{rel}","templated":true}]}}