{"id":877,"date":"2022-02-16T19:04:31","date_gmt":"2022-02-17T00:04:31","guid":{"rendered":"https:\/\/youth-futures.com\/programme\/faq-des-participants\/"},"modified":"2025-09-24T10:01:31","modified_gmt":"2025-09-24T14:01:31","slug":"faq-des-participants","status":"publish","type":"page","link":"https:\/\/youth-futures.com\/fr\/programme\/faq-des-participants\/","title":{"rendered":"FAQ des participants"},"content":{"rendered":"\t\t<div data-elementor-type=\"wp-page\" data-elementor-id=\"877\" class=\"elementor elementor-877 elementor-420\" data-elementor-post-type=\"page\">\n\t\t\t\t\t\t<section class=\"elementor-section elementor-top-section elementor-element elementor-element-638731ad elementor-section-full_width elementor-section-height-min-height elementor-section-height-default elementor-section-items-middle\" data-id=\"638731ad\" data-element_type=\"section\" data-settings=\"{&quot;background_background&quot;:&quot;classic&quot;}\">\n\t\t\t\t\t\t<div class=\"elementor-container elementor-column-gap-no\">\n\t\t\t\t\t<div class=\"elementor-column elementor-col-50 elementor-top-column elementor-element elementor-element-200a173\" data-id=\"200a173\" data-element_type=\"column\" data-settings=\"{&quot;background_background&quot;:&quot;classic&quot;}\">\n\t\t\t<div class=\"elementor-widget-wrap elementor-element-populated\">\n\t\t\t\t\t\t<div class=\"elementor-element elementor-element-76d6c8f8 elementor-widget elementor-widget-heading\" data-id=\"76d6c8f8\" data-element_type=\"widget\" data-widget_type=\"heading.default\">\n\t\t\t\t<div class=\"elementor-widget-container\">\n\t\t\t<h2 class=\"elementor-heading-title elementor-size-default\">FAQ des participants<\/h2>\t\t<\/div>\n\t\t\t\t<\/div>\n\t\t\t\t\t<\/div>\n\t\t<\/div>\n\t\t\t\t<div class=\"elementor-column elementor-col-50 elementor-top-column elementor-element elementor-element-3a6b7024\" data-id=\"3a6b7024\" data-element_type=\"column\" data-settings=\"{&quot;background_background&quot;:&quot;classic&quot;}\">\n\t\t\t<div class=\"elementor-widget-wrap elementor-element-populated\">\n\t\t\t\t\t\t<div class=\"elementor-element elementor-element-69b1074 elementor-widget elementor-widget-image\" data-id=\"69b1074\" data-element_type=\"widget\" data-widget_type=\"image.default\">\n\t\t\t\t<div class=\"elementor-widget-container\">\n\t\t\t\t\t\t\t\t\t\t\t\t\t<img fetchpriority=\"high\" decoding=\"async\" width=\"800\" height=\"533\" src=\"https:\/\/youth-futures.com\/wp-content\/uploads\/2025\/09\/1-_DSC4592-1-scaled-e1758719312779-1024x682.jpg\" class=\"attachment-large size-large wp-image-1403\" alt=\"\" srcset=\"https:\/\/youth-futures.com\/wp-content\/uploads\/2025\/09\/1-_DSC4592-1-scaled-e1758719312779-1024x682.jpg 1024w, https:\/\/youth-futures.com\/wp-content\/uploads\/2025\/09\/1-_DSC4592-1-scaled-e1758719312779-300x200.jpg 300w, https:\/\/youth-futures.com\/wp-content\/uploads\/2025\/09\/1-_DSC4592-1-scaled-e1758719312779-768x511.jpg 768w, https:\/\/youth-futures.com\/wp-content\/uploads\/2025\/09\/1-_DSC4592-1-scaled-e1758719312779-1536x1023.jpg 1536w, https:\/\/youth-futures.com\/wp-content\/uploads\/2025\/09\/1-_DSC4592-1-scaled-e1758719312779-2048x1364.jpg 2048w\" sizes=\"(max-width: 800px) 100vw, 800px\" \/>\t\t\t\t\t\t\t\t\t\t\t\t\t<\/div>\n\t\t\t\t<\/div>\n\t\t\t\t\t<\/div>\n\t\t<\/div>\n\t\t\t\t\t<\/div>\n\t\t<\/section>\n\t\t\t\t<section class=\"elementor-section elementor-top-section elementor-element elementor-element-9359e19 elementor-section-boxed elementor-section-height-default elementor-section-height-default\" data-id=\"9359e19\" data-element_type=\"section\">\n\t\t\t\t\t\t<div class=\"elementor-container elementor-column-gap-default\">\n\t\t\t\t\t<div class=\"elementor-column elementor-col-100 elementor-top-column elementor-element elementor-element-bc561a2\" data-id=\"bc561a2\" data-element_type=\"column\">\n\t\t\t<div class=\"elementor-widget-wrap elementor-element-populated\">\n\t\t\t\t\t\t<div class=\"elementor-element elementor-element-184e061 elementor-widget elementor-widget-heading\" data-id=\"184e061\" data-element_type=\"widget\" data-widget_type=\"heading.default\">\n\t\t\t\t<div class=\"elementor-widget-container\">\n\t\t\t<h2 class=\"elementor-heading-title elementor-size-default\">Foire aux questions (FAQ)<\/h2>\t\t<\/div>\n\t\t\t\t<\/div>\n\t\t\t\t<div class=\"elementor-element elementor-element-f7a21cc elementor-widget elementor-widget-heading\" data-id=\"f7a21cc\" data-element_type=\"widget\" data-widget_type=\"heading.default\">\n\t\t\t\t<div class=\"elementor-widget-container\">\n\t\t\t<h4 class=\"elementor-heading-title elementor-size-default\">1. Qu'est-ce que le programme Avenir Jeunesse ?<\/h4>\t\t<\/div>\n\t\t\t\t<\/div>\n\t\t\t\t\t<\/div>\n\t\t<\/div>\n\t\t\t\t\t<\/div>\n\t\t<\/section>\n\t\t\t\t<section class=\"elementor-section elementor-top-section elementor-element elementor-element-6d41749 elementor-section-boxed elementor-section-height-default elementor-section-height-default\" data-id=\"6d41749\" data-element_type=\"section\">\n\t\t\t\t\t\t<div class=\"elementor-container elementor-column-gap-default\">\n\t\t\t\t\t<div class=\"elementor-column elementor-col-100 elementor-top-column elementor-element elementor-element-93e0f1e\" data-id=\"93e0f1e\" data-element_type=\"column\">\n\t\t\t<div class=\"elementor-widget-wrap elementor-element-populated\">\n\t\t\t\t\t\t<div class=\"elementor-element elementor-element-896a47d elementor-widget elementor-widget-text-editor\" data-id=\"896a47d\" data-element_type=\"widget\" data-widget_type=\"text-editor.default\">\n\t\t\t\t<div class=\"elementor-widget-container\">\n\t\t\t\t\t\t\t<p>Le programme Avenir Jeunesse est une initiative de d\u00e9veloppement du leadership et de pr\u00e9paration \u00e0 l&#8217;emploi con\u00e7ue pour aider les jeunes \u00e0 acqu\u00e9rir les comp\u00e9tences, l&rsquo;exp\u00e9rience et la confiance n\u00e9cessaires pour atteindre leurs objectifs scolaires et professionnels. Gr\u00e2ce \u00e0 des ateliers, du mentorat et des stages, le programme fournit aux jeunes les outils dont ils ont besoin pour r\u00e9ussir leur transition vers les \u00e9tudes postsecondaires.<\/p>\n\t\t\t\t\t\t<\/div>\n\t\t\t\t<\/div>\n\t\t\t\t<div class=\"elementor-element elementor-element-53e95a1 elementor-widget elementor-widget-heading\" data-id=\"53e95a1\" data-element_type=\"widget\" data-widget_type=\"heading.default\">\n\t\t\t\t<div class=\"elementor-widget-container\">\n\t\t\t<h4 class=\"elementor-heading-title elementor-size-default\">2. Qui peut participer au programme ?<\/h4>\t\t<\/div>\n\t\t\t\t<\/div>\n\t\t\t\t<div class=\"elementor-element elementor-element-e5b165a elementor-widget elementor-widget-text-editor\" data-id=\"e5b165a\" data-element_type=\"widget\" data-widget_type=\"text-editor.default\">\n\t\t\t\t<div class=\"elementor-widget-container\">\n\t\t\t\t\t\t\t<p>Le programme est ouvert aux jeunes \u00e2g\u00e9s de 16 \u00e0 21 ans. Les autres crit\u00e8res d&rsquo;admissibilit\u00e9 sont disponibles <a href=\"https:\/\/youth-futures.com\/fr\/programme\/exigences\/\">ici<\/a>. Veuillez noter que les crit\u00e8res d&rsquo;admissibilit\u00e9 sp\u00e9cifiques peuvent varier. Nous encourageons les participants int\u00e9ress\u00e9s \u00e0 nous contacter pour plus de d\u00e9tails.<\/p>\n\t\t\t\t\t\t<\/div>\n\t\t\t\t<\/div>\n\t\t\t\t<div class=\"elementor-element elementor-element-d065bd0 elementor-widget elementor-widget-heading\" data-id=\"d065bd0\" data-element_type=\"widget\" data-widget_type=\"heading.default\">\n\t\t\t\t<div class=\"elementor-widget-container\">\n\t\t\t<h4 class=\"elementor-heading-title elementor-size-default\">3. Quels sont les avantages du programme ?<\/h4>\t\t<\/div>\n\t\t\t\t<\/div>\n\t\t\t\t<div class=\"elementor-element elementor-element-cc7f74e elementor-widget elementor-widget-text-editor\" data-id=\"cc7f74e\" data-element_type=\"widget\" data-widget_type=\"text-editor.default\">\n\t\t\t\t<div class=\"elementor-widget-container\">\n\t\t\t\t\t\t\t<p>Les participants acqui\u00e8rent :<br \/>\n\u2192 Des comp\u00e9tences en leadership et en travail d&rsquo;\u00e9quipe<br \/>\n\u2192 Des comp\u00e9tences en mati\u00e8re de r\u00e9daction de CV et de pr\u00e9paration aux entretiens d&#8217;embauche<br \/>\n\u2192 Une exp\u00e9rience professionnelle pratique gr\u00e2ce \u00e0 des stages en entreprise<br \/>\n\u2192 Le mentorat de professionnels et de leaders communautaires<br \/>\n\u2192 Des opportunit\u00e9s de r\u00e9seautage pour leur future \u00e9volution de carri\u00e8re<\/p>\n\t\t\t\t\t\t<\/div>\n\t\t\t\t<\/div>\n\t\t\t\t<div class=\"elementor-element elementor-element-4681410 elementor-widget elementor-widget-heading\" data-id=\"4681410\" data-element_type=\"widget\" data-widget_type=\"heading.default\">\n\t\t\t\t<div class=\"elementor-widget-container\">\n\t\t\t<h4 class=\"elementor-heading-title elementor-size-default\">4. Y a-t-il des frais pour participer ?<\/h4>\t\t<\/div>\n\t\t\t\t<\/div>\n\t\t\t\t<div class=\"elementor-element elementor-element-bd4b182 elementor-widget elementor-widget-text-editor\" data-id=\"bd4b182\" data-element_type=\"widget\" data-widget_type=\"text-editor.default\">\n\t\t\t\t<div class=\"elementor-widget-container\">\n\t\t\t\t\t\t\t<p>Non, le programme Avenir Jeunesse est gratuit pour les participants.<\/p>\n\t\t\t\t\t\t<\/div>\n\t\t\t\t<\/div>\n\t\t\t\t<div class=\"elementor-element elementor-element-74e95f0 elementor-widget elementor-widget-heading\" data-id=\"74e95f0\" data-element_type=\"widget\" data-widget_type=\"heading.default\">\n\t\t\t\t<div class=\"elementor-widget-container\">\n\t\t\t<h4 class=\"elementor-heading-title elementor-size-default\">5. Quels types d'emplois sont disponibles ?<\/h4>\t\t<\/div>\n\t\t\t\t<\/div>\n\t\t\t\t<div class=\"elementor-element elementor-element-b07359e elementor-widget elementor-widget-text-editor\" data-id=\"b07359e\" data-element_type=\"widget\" data-widget_type=\"text-editor.default\">\n\t\t\t\t<div class=\"elementor-widget-container\">\n\t\t\t\t\t\t\t<p>Les placements varient en fonction des disponibilit\u00e9s et des int\u00e9r\u00eats des jeunes. Parmi les placements pass\u00e9s, on peut citer des opportunit\u00e9s dans des entreprises locales, des administrations publiques, des organisations communautaires, etc.<\/p>\n\t\t\t\t\t\t<\/div>\n\t\t\t\t<\/div>\n\t\t\t\t<div class=\"elementor-element elementor-element-a085407 elementor-widget elementor-widget-heading\" data-id=\"a085407\" data-element_type=\"widget\" data-widget_type=\"heading.default\">\n\t\t\t\t<div class=\"elementor-widget-container\">\n\t\t\t<h4 class=\"elementor-heading-title elementor-size-default\">6. Combien de temps dure le programme ?<\/h4>\t\t<\/div>\n\t\t\t\t<\/div>\n\t\t\t\t<div class=\"elementor-element elementor-element-6b56f77 elementor-widget elementor-widget-text-editor\" data-id=\"6b56f77\" data-element_type=\"widget\" data-widget_type=\"text-editor.default\">\n\t\t\t\t<div class=\"elementor-widget-container\">\n\t\t\t\t\t\t\t<p>Le programme dure six mois et comprend une combinaison de formations hebdomadaires en leadership, d&rsquo;ateliers de d\u00e9veloppement professionnel et de stages en milieu de travail.<\/p>\n\t\t\t\t\t\t<\/div>\n\t\t\t\t<\/div>\n\t\t\t\t<div class=\"elementor-element elementor-element-8a2c2e2 elementor-widget elementor-widget-heading\" data-id=\"8a2c2e2\" data-element_type=\"widget\" data-widget_type=\"heading.default\">\n\t\t\t\t<div class=\"elementor-widget-container\">\n\t\t\t<h4 class=\"elementor-heading-title elementor-size-default\">7. Quel type d'engagement est attendu des participants ?<\/h4>\t\t<\/div>\n\t\t\t\t<\/div>\n\t\t\t\t<div class=\"elementor-element elementor-element-973a3e8 elementor-widget elementor-widget-text-editor\" data-id=\"973a3e8\" data-element_type=\"widget\" data-widget_type=\"text-editor.default\">\n\t\t\t\t<div class=\"elementor-widget-container\">\n\t\t\t\t\t\t\t<p>Les participants doivent assister aux ateliers pr\u00e9vus, s&rsquo;engager activement aupr\u00e8s des mentors et mener \u00e0 bien leur stage. Une assiduit\u00e9 et une participation constantes sont essentielles pour r\u00e9ussir le programme.<\/p>\n\t\t\t\t\t\t<\/div>\n\t\t\t\t<\/div>\n\t\t\t\t<div class=\"elementor-element elementor-element-4f815ca elementor-widget elementor-widget-heading\" data-id=\"4f815ca\" data-element_type=\"widget\" data-widget_type=\"heading.default\">\n\t\t\t\t<div class=\"elementor-widget-container\">\n\t\t\t<h4 class=\"elementor-heading-title elementor-size-default\">8. Comment les parents peuvent-ils soutenir leur enfant dans le cadre du programme ?<\/h4>\t\t<\/div>\n\t\t\t\t<\/div>\n\t\t\t\t<div class=\"elementor-element elementor-element-bbfc0cc elementor-widget elementor-widget-text-editor\" data-id=\"bbfc0cc\" data-element_type=\"widget\" data-widget_type=\"text-editor.default\">\n\t\t\t\t<div class=\"elementor-widget-container\">\n\t\t\t\t\t\t\t<p>Les parents peuvent encourager leur enfant en :<br \/>\n\u2192 leur rappelant leurs engagements dans le cadre du programme ;<br \/>\n\u2192 les aidant \u00e0 se pr\u00e9parer aux entretiens et aux stages ;<br \/>\n\u2192 discutant avec eux de leurs exp\u00e9riences et de leurs objectifs ;<br \/>\n\u2192 leur fournissant un moyen de transport ou tout autre soutien logistique si n\u00e9cessaire.<\/p>\n\t\t\t\t\t\t<\/div>\n\t\t\t\t<\/div>\n\t\t\t\t<div class=\"elementor-element elementor-element-36d9b1f elementor-widget elementor-widget-heading\" data-id=\"36d9b1f\" data-element_type=\"widget\" data-widget_type=\"heading.default\">\n\t\t\t\t<div class=\"elementor-widget-container\">\n\t\t\t<h4 class=\"elementor-heading-title elementor-size-default\">9. Qui pouvons-nous contacter pour obtenir plus d'informations ?<\/h4>\t\t<\/div>\n\t\t\t\t<\/div>\n\t\t\t\t<div class=\"elementor-element elementor-element-f1a089e elementor-widget elementor-widget-text-editor\" data-id=\"f1a089e\" data-element_type=\"widget\" data-widget_type=\"text-editor.default\">\n\t\t\t\t<div class=\"elementor-widget-container\">\n\t\t\t\t\t\t\t<p>Pour plus d&rsquo;informations, veuillez contacter <a href=\"mailto:Razanne.yassine@ottawa.ca\">Razanne Yassine<\/a> (coordinatrice du programme) ou <a href=\"mailto:esamuel@bgcottawa.org\">Elietra Samuel<\/a> (coordinatrice des adh\u00e9sions).<\/p>\n\t\t\t\t\t\t<\/div>\n\t\t\t\t<\/div>\n\t\t\t\t\t<\/div>\n\t\t<\/div>\n\t\t\t\t\t<\/div>\n\t\t<\/section>\n\t\t\t\t<section class=\"elementor-section elementor-top-section elementor-element elementor-element-1a433e6 elementor-section-boxed elementor-section-height-default elementor-section-height-default\" data-id=\"1a433e6\" data-element_type=\"section\">\n\t\t\t\t\t\t<div class=\"elementor-container elementor-column-gap-default\">\n\t\t\t\t\t<div class=\"elementor-column elementor-col-100 elementor-top-column elementor-element elementor-element-1b78399\" data-id=\"1b78399\" data-element_type=\"column\">\n\t\t\t<div class=\"elementor-widget-wrap\">\n\t\t\t\t\t\t\t<\/div>\n\t\t<\/div>\n\t\t\t\t\t<\/div>\n\t\t<\/section>\n\t\t\t\t<\/div>\n\t\t","protected":false},"excerpt":{"rendered":"<p>Foire aux questions (FAQ) 1. Qu&rsquo;est-ce que le programme Avenir Jeunesse ? Le programme Avenir Jeunesse est une initiative de d\u00e9veloppement du leadership et de pr\u00e9paration \u00e0 l&#8217;emploi con\u00e7ue pour aider les jeunes \u00e0 acqu\u00e9rir les comp\u00e9tences, l&rsquo;exp\u00e9rience et la confiance n\u00e9cessaires pour atteindre leurs objectifs scolaires et professionnels. Gr\u00e2ce \u00e0 des ateliers, du mentorat [&hellip;]<\/p>\n","protected":false},"author":1,"featured_media":0,"parent":803,"menu_order":0,"comment_status":"closed","ping_status":"closed","template":"","meta":{"footnotes":""},"class_list":["post-877","page","type-page","status-publish","hentry"],"_links":{"self":[{"href":"https:\/\/youth-futures.com\/fr\/wp-json\/wp\/v2\/pages\/877","targetHints":{"allow":["GET"]}}],"collection":[{"href":"https:\/\/youth-futures.com\/fr\/wp-json\/wp\/v2\/pages"}],"about":[{"href":"https:\/\/youth-futures.com\/fr\/wp-json\/wp\/v2\/types\/page"}],"author":[{"embeddable":true,"href":"https:\/\/youth-futures.com\/fr\/wp-json\/wp\/v2\/users\/1"}],"replies":[{"embeddable":true,"href":"https:\/\/youth-futures.com\/fr\/wp-json\/wp\/v2\/comments?post=877"}],"version-history":[{"count":9,"href":"https:\/\/youth-futures.com\/fr\/wp-json\/wp\/v2\/pages\/877\/revisions"}],"predecessor-version":[{"id":1418,"href":"https:\/\/youth-futures.com\/fr\/wp-json\/wp\/v2\/pages\/877\/revisions\/1418"}],"up":[{"embeddable":true,"href":"https:\/\/youth-futures.com\/fr\/wp-json\/wp\/v2\/pages\/803"}],"wp:attachment":[{"href":"https:\/\/youth-futures.com\/fr\/wp-json\/wp\/v2\/media?parent=877"}],"curies":[{"name":"wp","href":"https:\/\/api.w.org\/{rel}","templated":true}]}}