{"id":881,"date":"2022-02-14T17:30:53","date_gmt":"2022-02-14T22:30:53","guid":{"rendered":"https:\/\/youth-futures.com\/programme\/modele\/"},"modified":"2025-10-01T11:50:03","modified_gmt":"2025-10-01T15:50:03","slug":"modele","status":"publish","type":"page","link":"https:\/\/youth-futures.com\/fr\/programme\/modele\/","title":{"rendered":"Mod\u00e8le"},"content":{"rendered":"\t\t<div data-elementor-type=\"wp-post\" data-elementor-id=\"881\" class=\"elementor elementor-881 elementor-364\" data-elementor-post-type=\"page\">\n\t\t\t\t\t\t<section class=\"elementor-section elementor-top-section elementor-element elementor-element-41a343d0 elementor-section-full_width elementor-section-height-min-height elementor-section-height-default elementor-section-items-middle\" data-id=\"41a343d0\" data-element_type=\"section\" data-settings=\"{&quot;background_background&quot;:&quot;classic&quot;}\">\n\t\t\t\t\t\t<div class=\"elementor-container elementor-column-gap-no\">\n\t\t\t\t\t<div class=\"elementor-column elementor-col-50 elementor-top-column elementor-element elementor-element-5064ca91\" data-id=\"5064ca91\" data-element_type=\"column\" data-settings=\"{&quot;background_background&quot;:&quot;classic&quot;}\">\n\t\t\t<div class=\"elementor-widget-wrap elementor-element-populated\">\n\t\t\t\t\t\t<div class=\"elementor-element elementor-element-3446fb6f elementor-widget elementor-widget-heading\" data-id=\"3446fb6f\" data-element_type=\"widget\" data-widget_type=\"heading.default\">\n\t\t\t\t<div class=\"elementor-widget-container\">\n\t\t\t<h2 class=\"elementor-heading-title elementor-size-default\">Mod\u00e8le<\/h2>\t\t<\/div>\n\t\t\t\t<\/div>\n\t\t\t\t\t<\/div>\n\t\t<\/div>\n\t\t\t\t<div class=\"elementor-column elementor-col-50 elementor-top-column elementor-element elementor-element-5d4f19d2\" data-id=\"5d4f19d2\" data-element_type=\"column\" data-settings=\"{&quot;background_background&quot;:&quot;classic&quot;}\">\n\t\t\t<div class=\"elementor-widget-wrap elementor-element-populated\">\n\t\t\t\t\t\t<div class=\"elementor-element elementor-element-b718f5b elementor-widget elementor-widget-image\" data-id=\"b718f5b\" data-element_type=\"widget\" data-widget_type=\"image.default\">\n\t\t\t\t<div class=\"elementor-widget-container\">\n\t\t\t\t\t\t\t\t\t\t\t\t\t<img fetchpriority=\"high\" decoding=\"async\" width=\"800\" height=\"534\" src=\"https:\/\/youth-futures.com\/wp-content\/uploads\/2025\/09\/DSC03901-1024x683.jpg\" class=\"attachment-large size-large wp-image-1350\" alt=\"\" srcset=\"https:\/\/youth-futures.com\/wp-content\/uploads\/2025\/09\/DSC03901-1024x683.jpg 1024w, https:\/\/youth-futures.com\/wp-content\/uploads\/2025\/09\/DSC03901-300x200.jpg 300w, https:\/\/youth-futures.com\/wp-content\/uploads\/2025\/09\/DSC03901-768x512.jpg 768w, https:\/\/youth-futures.com\/wp-content\/uploads\/2025\/09\/DSC03901-1536x1024.jpg 1536w, https:\/\/youth-futures.com\/wp-content\/uploads\/2025\/09\/DSC03901-2048x1365.jpg 2048w\" sizes=\"(max-width: 800px) 100vw, 800px\" \/>\t\t\t\t\t\t\t\t\t\t\t\t\t<\/div>\n\t\t\t\t<\/div>\n\t\t\t\t\t<\/div>\n\t\t<\/div>\n\t\t\t\t\t<\/div>\n\t\t<\/section>\n\t\t\t\t<section class=\"elementor-section elementor-top-section elementor-element elementor-element-583d988 elementor-section-boxed elementor-section-height-default elementor-section-height-default\" data-id=\"583d988\" data-element_type=\"section\">\n\t\t\t\t\t\t<div class=\"elementor-container elementor-column-gap-no\">\n\t\t\t\t\t<div class=\"elementor-column elementor-col-100 elementor-top-column elementor-element elementor-element-22ed7e2\" data-id=\"22ed7e2\" data-element_type=\"column\">\n\t\t\t<div class=\"elementor-widget-wrap elementor-element-populated\">\n\t\t\t\t\t\t<div class=\"elementor-element elementor-element-000430f elementor-widget elementor-widget-text-editor\" data-id=\"000430f\" data-element_type=\"widget\" data-widget_type=\"text-editor.default\">\n\t\t\t\t<div class=\"elementor-widget-container\">\n\t\t\t\t\t\t\t<p class=\"p1\">Avenir Jeunesse est un programme bas\u00e9 \u00e0 Ottawa qui aide les jeunes \u00e2g\u00e9s de 16 \u00e0 21 ans issus de milieux d\u00e9favoris\u00e9s et vivant dans des logements sociaux. Au cours de six mois transformateurs, les participants renforcent leur confiance, acqui\u00e8rent des comp\u00e9tences et \u00e9tablissent des liens avec des r\u00e9seaux qui les aident \u00e0 terminer leurs \u00e9tudes secondaires et \u00e0 r\u00e9ussir leur transition vers les \u00e9tudes postsecondaires et leur future carri\u00e8re. Offert en anglais et en fran\u00e7ais, et toujours gratuit pour les participants, Avenir Jeunesse ouvre les portes d&rsquo;un avenir meilleur. Le programme comprend les \u00e9l\u00e9ments suivants :<\/p>\n\t\t\t\t\t\t<\/div>\n\t\t\t\t<\/div>\n\t\t\t\t<div class=\"elementor-element elementor-element-bfc17b0 elementor-widget elementor-widget-text-editor\" data-id=\"bfc17b0\" data-element_type=\"widget\" data-widget_type=\"text-editor.default\">\n\t\t\t\t<div class=\"elementor-widget-container\">\n\t\t\t\t\t\t\t<h3 class=\"p1\"><b>Leadership et d\u00e9veloppement des comp\u00e9tences<\/b><\/h3>\n<p class=\"p1\">Ce stimulant programme \u00e9ducatif est offert par la Direction g\u00e9n\u00e9rale des loisirs, de la culture et des installations d\u2019Ottawa de f\u00e9vrier \u00e0 mai. Il comprend notamment ceci\u00a0:<\/p>\n<ul class=\"ul1\">\n<li class=\"li1\">Jeux et activit\u00e9s sur le leadership et le renforcement de l\u2019esprit d\u2019\u00e9quipe<\/li>\n<li class=\"li1\">Comp\u00e9tences en communication, gestion du temps et r\u00e9solution des conflits<\/li>\n<li class=\"li1\">Formation en mati\u00e8re de sant\u00e9 et de s\u00e9curit\u00e9<\/li>\n<li class=\"li1\">R\u00e9daction d\u2019un curriculum vit\u00e6<\/li>\n<li class=\"li1\">Pr\u00e9paration \u00e0 l\u2019entrevue<\/li>\n<li class=\"li1\">Savoir-\u00eatre en emploi et au bureau<\/li>\n<li class=\"li1\">Formations et certifications (RCR, secourisme et <i>Loi sur l\u2019accessibilit\u00e9 pour les personnes handicap\u00e9es de l\u2019Ontario<\/i>)<\/li>\n<\/ul>\n<h3 class=\"p1\"><b>Mentorat<\/b><\/h3>\n<ul class=\"ul1\">\n<li class=\"li1\">Aide et accompagnement durant tout le processus d\u2019am\u00e9lioration du leadership et des comp\u00e9tences<\/li>\n<li class=\"li1\">Soutien durant les stages<\/li>\n<li>Favoriser un environnement s\u00fbr, inclusif et stimulant o\u00f9 les jeunes se sentent soutenus pour surmonter les obstacles.<\/li>\n<\/ul>\n<h3 class=\"p1\"><b>Emploi<\/b><\/h3>\n<ul class=\"ul1\">\n<li class=\"li1\">Exp\u00e9rience professionnelle r\u00e9mun\u00e9r\u00e9e pendant l&rsquo;\u00e9t\u00e9<\/li>\n<li class=\"li1\">Possibilit\u00e9s de r\u00e9seautage<\/li>\n<li class=\"li1\">Mentorat<\/li>\n<li>Exposition \u00e0 des professionnels issus de divers parcours professionnels<\/li>\n<\/ul>\n<h3>Programme COOP au lyc\u00e9e<\/h3>\n<ul>\n<li>Les lyc\u00e9ens \u00e9ligibles peuvent obtenir jusqu&rsquo;\u00e0 deux cr\u00e9dits COOP gr\u00e2ce \u00e0 leur stage d&rsquo;\u00e9t\u00e9.<\/li>\n<li>Les \u00e9l\u00e8ves sont accompagn\u00e9s par un enseignant COOP et leur mentor.<\/li>\n<\/ul>\n<h3 class=\"p1\"><b>Pr\u00e9paration aux \u00e9tudes postsecondaires<\/b><\/h3>\n<ul class=\"ul1\">\n<li class=\"li1\">Visites des campus des \u00e9tablissements postsecondaires d\u2019Ottawa<\/li>\n<li class=\"li1\">Exploration des programmes d\u2019enseignement, de la vie sur un campus et des ressources accessibles aux \u00e9tudiants<\/li>\n<li class=\"li1\">Rencontres avec des enseignants et des \u00e9tudiants<\/li>\n<li class=\"li1\">Soutien dans le processus d\u2019inscription<\/li>\n<\/ul>\n<p>&nbsp;<\/p>\n<p class=\"p1\">Consultez notre page <a href=\"https:\/\/youth-futures.com\/fr\/participer\/employeurs\/\">Employeurs<\/a> pour voir la liste de nos employeurs partenaires.<\/p>\n\t\t\t\t\t\t<\/div>\n\t\t\t\t<\/div>\n\t\t\t\t\t<\/div>\n\t\t<\/div>\n\t\t\t\t\t<\/div>\n\t\t<\/section>\n\t\t\t\t<\/div>\n\t\t","protected":false},"excerpt":{"rendered":"<p>Avenir Jeunesse est un programme bas\u00e9 \u00e0 Ottawa qui aide les jeunes \u00e2g\u00e9s de 16 \u00e0 21 ans issus de milieux d\u00e9favoris\u00e9s et vivant dans des logements sociaux. Au cours de six mois transformateurs, les participants renforcent leur confiance, acqui\u00e8rent des comp\u00e9tences et \u00e9tablissent des liens avec des r\u00e9seaux qui les aident \u00e0 terminer leurs [&hellip;]<\/p>\n","protected":false},"author":1,"featured_media":0,"parent":803,"menu_order":0,"comment_status":"closed","ping_status":"closed","template":"","meta":{"footnotes":""},"class_list":["post-881","page","type-page","status-publish","hentry"],"_links":{"self":[{"href":"https:\/\/youth-futures.com\/fr\/wp-json\/wp\/v2\/pages\/881","targetHints":{"allow":["GET"]}}],"collection":[{"href":"https:\/\/youth-futures.com\/fr\/wp-json\/wp\/v2\/pages"}],"about":[{"href":"https:\/\/youth-futures.com\/fr\/wp-json\/wp\/v2\/types\/page"}],"author":[{"embeddable":true,"href":"https:\/\/youth-futures.com\/fr\/wp-json\/wp\/v2\/users\/1"}],"replies":[{"embeddable":true,"href":"https:\/\/youth-futures.com\/fr\/wp-json\/wp\/v2\/comments?post=881"}],"version-history":[{"count":8,"href":"https:\/\/youth-futures.com\/fr\/wp-json\/wp\/v2\/pages\/881\/revisions"}],"predecessor-version":[{"id":1598,"href":"https:\/\/youth-futures.com\/fr\/wp-json\/wp\/v2\/pages\/881\/revisions\/1598"}],"up":[{"embeddable":true,"href":"https:\/\/youth-futures.com\/fr\/wp-json\/wp\/v2\/pages\/803"}],"wp:attachment":[{"href":"https:\/\/youth-futures.com\/fr\/wp-json\/wp\/v2\/media?parent=881"}],"curies":[{"name":"wp","href":"https:\/\/api.w.org\/{rel}","templated":true}]}}