{"id":885,"date":"2022-02-23T16:21:04","date_gmt":"2022-02-23T21:21:04","guid":{"rendered":"https:\/\/youth-futures.com\/participer\/"},"modified":"2025-10-01T12:46:20","modified_gmt":"2025-10-01T16:46:20","slug":"participer","status":"publish","type":"page","link":"https:\/\/youth-futures.com\/fr\/participer\/","title":{"rendered":"Impliquez-vous"},"content":{"rendered":"\t\t<div data-elementor-type=\"wp-post\" data-elementor-id=\"885\" class=\"elementor elementor-885 elementor-443\" data-elementor-post-type=\"page\">\n\t\t\t\t\t\t<section class=\"elementor-section elementor-top-section elementor-element elementor-element-3ed193e7 elementor-section-full_width elementor-section-height-min-height elementor-section-height-default elementor-section-items-middle\" data-id=\"3ed193e7\" data-element_type=\"section\" data-settings=\"{&quot;background_background&quot;:&quot;classic&quot;}\">\n\t\t\t\t\t\t<div class=\"elementor-container elementor-column-gap-no\">\n\t\t\t\t\t<div class=\"elementor-column elementor-col-50 elementor-top-column elementor-element elementor-element-2cf5a1cd\" data-id=\"2cf5a1cd\" data-element_type=\"column\" data-settings=\"{&quot;background_background&quot;:&quot;classic&quot;}\">\n\t\t\t<div class=\"elementor-widget-wrap elementor-element-populated\">\n\t\t\t\t\t\t<div class=\"elementor-element elementor-element-4ca1bc2e elementor-widget elementor-widget-heading\" data-id=\"4ca1bc2e\" data-element_type=\"widget\" data-widget_type=\"heading.default\">\n\t\t\t\t<div class=\"elementor-widget-container\">\n\t\t\t<h2 class=\"elementor-heading-title elementor-size-default\">Impliquez-vous<\/h2>\t\t<\/div>\n\t\t\t\t<\/div>\n\t\t\t\t\t<\/div>\n\t\t<\/div>\n\t\t\t\t<div class=\"elementor-column elementor-col-50 elementor-top-column elementor-element elementor-element-3b92b46a\" data-id=\"3b92b46a\" data-element_type=\"column\" data-settings=\"{&quot;background_background&quot;:&quot;classic&quot;}\">\n\t\t\t<div class=\"elementor-widget-wrap elementor-element-populated\">\n\t\t\t\t\t\t<div class=\"elementor-element elementor-element-e597e56 elementor-widget elementor-widget-image\" data-id=\"e597e56\" data-element_type=\"widget\" data-widget_type=\"image.default\">\n\t\t\t\t<div class=\"elementor-widget-container\">\n\t\t\t\t\t\t\t\t\t\t\t\t\t<img fetchpriority=\"high\" decoding=\"async\" width=\"2560\" height=\"1709\" src=\"https:\/\/youth-futures.com\/wp-content\/uploads\/2025\/09\/Youth-Future-50-scaled.jpg\" class=\"attachment-full size-full wp-image-1291\" alt=\"\" srcset=\"https:\/\/youth-futures.com\/wp-content\/uploads\/2025\/09\/Youth-Future-50-scaled.jpg 2560w, https:\/\/youth-futures.com\/wp-content\/uploads\/2025\/09\/Youth-Future-50-300x200.jpg 300w, https:\/\/youth-futures.com\/wp-content\/uploads\/2025\/09\/Youth-Future-50-1024x683.jpg 1024w, https:\/\/youth-futures.com\/wp-content\/uploads\/2025\/09\/Youth-Future-50-768x513.jpg 768w, https:\/\/youth-futures.com\/wp-content\/uploads\/2025\/09\/Youth-Future-50-1536x1025.jpg 1536w, https:\/\/youth-futures.com\/wp-content\/uploads\/2025\/09\/Youth-Future-50-2048x1367.jpg 2048w\" sizes=\"(max-width: 2560px) 100vw, 2560px\" \/>\t\t\t\t\t\t\t\t\t\t\t\t\t<\/div>\n\t\t\t\t<\/div>\n\t\t\t\t\t<\/div>\n\t\t<\/div>\n\t\t\t\t\t<\/div>\n\t\t<\/section>\n\t\t\t\t<section class=\"elementor-section elementor-top-section elementor-element elementor-element-7891d52b elementor-section-boxed elementor-section-height-default elementor-section-height-default\" data-id=\"7891d52b\" data-element_type=\"section\">\n\t\t\t\t\t\t<div class=\"elementor-container elementor-column-gap-no\">\n\t\t\t\t\t<div class=\"elementor-column elementor-col-100 elementor-top-column elementor-element elementor-element-20c1c7ac\" data-id=\"20c1c7ac\" data-element_type=\"column\">\n\t\t\t<div class=\"elementor-widget-wrap elementor-element-populated\">\n\t\t\t\t\t\t<div class=\"elementor-element elementor-element-78fca8b elementor-widget elementor-widget-text-editor\" data-id=\"78fca8b\" data-element_type=\"widget\" data-widget_type=\"text-editor.default\">\n\t\t\t\t<div class=\"elementor-widget-container\">\n\t\t\t\t\t\t\t<p>Le programme Avenir Jeunesse a aid\u00e9 plus de 1 500 jeunes \u00e0 acqu\u00e9rir les comp\u00e9tences, l&rsquo;exp\u00e9rience et la confiance n\u00e9cessaires pour r\u00e9ussir \u00e0 l&rsquo;\u00e9cole, au travail et dans la vie. Ce succ\u00e8s est rendu possible gr\u00e2ce \u00e0 nos mentors d\u00e9vou\u00e9s, \u00e0 nos partenaires du programme, \u00e0 nos employeurs et \u00e0 nos familles qui nous soutiennent.<\/p>\n<p>Vous souhaitez contribuer \u00e0 former la prochaine g\u00e9n\u00e9ration de leaders d&rsquo;Ottawa ? D\u00e9couvrez comment vous pouvez vous impliquer dans Avenir Jeunesse en cliquant sur les liens ci-dessous.<\/p>\n\t\t\t\t\t\t<\/div>\n\t\t\t\t<\/div>\n\t\t\t\t\t<\/div>\n\t\t<\/div>\n\t\t\t\t\t<\/div>\n\t\t<\/section>\n\t\t\t\t<section class=\"elementor-section elementor-top-section elementor-element elementor-element-35bfd5d6 elementor-section-height-min-height elementor-section-boxed elementor-section-height-default elementor-section-items-middle\" data-id=\"35bfd5d6\" data-element_type=\"section\" id=\"main\" data-settings=\"{&quot;background_background&quot;:&quot;classic&quot;}\">\n\t\t\t\t\t\t<div class=\"elementor-container elementor-column-gap-default\">\n\t\t\t\t\t<div class=\"elementor-column elementor-col-50 elementor-top-column elementor-element elementor-element-21034c64\" data-id=\"21034c64\" data-element_type=\"column\">\n\t\t\t<div class=\"elementor-widget-wrap elementor-element-populated\">\n\t\t\t\t\t\t<div class=\"elementor-element elementor-element-a5bc4c3 elementor-widget elementor-widget-image\" data-id=\"a5bc4c3\" data-element_type=\"widget\" data-widget_type=\"image.default\">\n\t\t\t\t<div class=\"elementor-widget-container\">\n\t\t\t\t\t\t\t\t\t\t\t\t\t<img decoding=\"async\" width=\"2560\" height=\"1709\" src=\"https:\/\/youth-futures.com\/wp-content\/uploads\/2025\/09\/Youth-Future-29-scaled.jpg\" class=\"attachment-full size-full wp-image-1293\" alt=\"\" srcset=\"https:\/\/youth-futures.com\/wp-content\/uploads\/2025\/09\/Youth-Future-29-scaled.jpg 2560w, https:\/\/youth-futures.com\/wp-content\/uploads\/2025\/09\/Youth-Future-29-300x200.jpg 300w, https:\/\/youth-futures.com\/wp-content\/uploads\/2025\/09\/Youth-Future-29-1024x683.jpg 1024w, https:\/\/youth-futures.com\/wp-content\/uploads\/2025\/09\/Youth-Future-29-768x513.jpg 768w, https:\/\/youth-futures.com\/wp-content\/uploads\/2025\/09\/Youth-Future-29-1536x1025.jpg 1536w, https:\/\/youth-futures.com\/wp-content\/uploads\/2025\/09\/Youth-Future-29-2048x1367.jpg 2048w\" sizes=\"(max-width: 2560px) 100vw, 2560px\" \/>\t\t\t\t\t\t\t\t\t\t\t\t\t<\/div>\n\t\t\t\t<\/div>\n\t\t\t\t\t<\/div>\n\t\t<\/div>\n\t\t\t\t<div class=\"elementor-column elementor-col-50 elementor-top-column elementor-element elementor-element-55f013c9\" data-id=\"55f013c9\" data-element_type=\"column\">\n\t\t\t<div class=\"elementor-widget-wrap elementor-element-populated\">\n\t\t\t\t\t\t<div class=\"elementor-element elementor-element-17ecb55b elementor-widget elementor-widget-heading\" data-id=\"17ecb55b\" data-element_type=\"widget\" data-widget_type=\"heading.default\">\n\t\t\t\t<div class=\"elementor-widget-container\">\n\t\t\t<h1 class=\"elementor-heading-title elementor-size-default\">Participer au programme Avenir Jeunesse<\/h1>\t\t<\/div>\n\t\t\t\t<\/div>\n\t\t\t\t<div class=\"elementor-element elementor-element-3b8f1a67 elementor-widget elementor-widget-text-editor\" data-id=\"3b8f1a67\" data-element_type=\"widget\" data-widget_type=\"text-editor.default\">\n\t\t\t\t<div class=\"elementor-widget-container\">\n\t\t\t\t\t\t\t<p>Si vous \u00eates un \u00e9l\u00e8ve du secondaire \u00e2g\u00e9 de 16 \u00e0 21 ans, issu d&rsquo;un milieu d\u00e9favoris\u00e9 et vivant dans un logement social, et que vous \u00eates pr\u00eat \u00e0 acqu\u00e9rir des comp\u00e9tences pour vos \u00e9tudes, votre travail et votre vie personnelle, Avenir Jeunesse est l\u00e0 pour vous aider \u00e0 r\u00e9ussir.<\/p>\n\t\t\t\t\t\t<\/div>\n\t\t\t\t<\/div>\n\t\t\t\t<div class=\"elementor-element elementor-element-44ad84be button--large-donate elementor-widget elementor-widget-button\" data-id=\"44ad84be\" data-element_type=\"widget\" data-widget_type=\"button.default\">\n\t\t\t\t<div class=\"elementor-widget-container\">\n\t\t\t\t\t\t\t<div class=\"elementor-button-wrapper\">\n\t\t\t\t\t<a class=\"elementor-button elementor-button-link elementor-size-sm\" href=\"https:\/\/youth-futures.com\/fr\/jeunesse\/\">\n\t\t\t\t\t\t<span class=\"elementor-button-content-wrapper\">\n\t\t\t\t\t\t\t\t\t<span class=\"elementor-button-text\">En savoir plus<\/span>\n\t\t\t\t\t<\/span>\n\t\t\t\t\t<\/a>\n\t\t\t\t<\/div>\n\t\t\t\t\t\t<\/div>\n\t\t\t\t<\/div>\n\t\t\t\t\t<\/div>\n\t\t<\/div>\n\t\t\t\t\t<\/div>\n\t\t<\/section>\n\t\t\t\t<section class=\"elementor-section elementor-top-section elementor-element elementor-element-d8d9bab elementor-section-height-min-height elementor-reverse-mobile elementor-section-boxed elementor-section-height-default elementor-section-items-middle\" data-id=\"d8d9bab\" data-element_type=\"section\" data-settings=\"{&quot;background_background&quot;:&quot;classic&quot;}\">\n\t\t\t\t\t\t<div class=\"elementor-container elementor-column-gap-default\">\n\t\t\t\t\t<div class=\"elementor-column elementor-col-50 elementor-top-column elementor-element elementor-element-b0a4ef4\" data-id=\"b0a4ef4\" data-element_type=\"column\">\n\t\t\t<div class=\"elementor-widget-wrap elementor-element-populated\">\n\t\t\t\t\t\t<div class=\"elementor-element elementor-element-d9294d7 elementor-widget elementor-widget-heading\" data-id=\"d9294d7\" data-element_type=\"widget\" data-widget_type=\"heading.default\">\n\t\t\t\t<div class=\"elementor-widget-container\">\n\t\t\t<h1 class=\"elementor-heading-title elementor-size-default\">Devenir mentor<\/h1>\t\t<\/div>\n\t\t\t\t<\/div>\n\t\t\t\t<div class=\"elementor-element elementor-element-7564e83 elementor-widget elementor-widget-text-editor\" data-id=\"7564e83\" data-element_type=\"widget\" data-widget_type=\"text-editor.default\">\n\t\t\t\t<div class=\"elementor-widget-container\">\n\t\t\t\t\t\t\t<p>Nos mentors Aveir Jeunesse offrent un soutien personnalis\u00e9, aidant les participants \u00e0 d\u00e9velopper leurs comp\u00e9tences, \u00e0 se fixer des objectifs et \u00e0 explorer les possibilit\u00e9s en mati\u00e8re d&rsquo;\u00e9ducation et d&#8217;emploi. Avec un mentor \u00e0 leurs c\u00f4t\u00e9s, les jeunes acqui\u00e8rent la confiance et les conseils dont ils ont besoin pour r\u00e9ussir.<\/p>\n\t\t\t\t\t\t<\/div>\n\t\t\t\t<\/div>\n\t\t\t\t<div class=\"elementor-element elementor-element-2e18b30 button--large-donate elementor-widget elementor-widget-button\" data-id=\"2e18b30\" data-element_type=\"widget\" data-widget_type=\"button.default\">\n\t\t\t\t<div class=\"elementor-widget-container\">\n\t\t\t\t\t\t\t<div class=\"elementor-button-wrapper\">\n\t\t\t\t\t<a class=\"elementor-button elementor-button-link elementor-size-sm\" href=\"https:\/\/youth-futures.com\/fr\/participer\/mentors\/\">\n\t\t\t\t\t\t<span class=\"elementor-button-content-wrapper\">\n\t\t\t\t\t\t\t\t\t<span class=\"elementor-button-text\">En savoir plus<\/span>\n\t\t\t\t\t<\/span>\n\t\t\t\t\t<\/a>\n\t\t\t\t<\/div>\n\t\t\t\t\t\t<\/div>\n\t\t\t\t<\/div>\n\t\t\t\t\t<\/div>\n\t\t<\/div>\n\t\t\t\t<div class=\"elementor-column elementor-col-50 elementor-top-column elementor-element elementor-element-c70452d\" data-id=\"c70452d\" data-element_type=\"column\">\n\t\t\t<div class=\"elementor-widget-wrap elementor-element-populated\">\n\t\t\t\t\t\t<div class=\"elementor-element elementor-element-d6c06d9 elementor-widget elementor-widget-image\" data-id=\"d6c06d9\" data-element_type=\"widget\" data-widget_type=\"image.default\">\n\t\t\t\t<div class=\"elementor-widget-container\">\n\t\t\t\t\t\t\t\t\t\t\t\t\t<img decoding=\"async\" width=\"800\" height=\"534\" src=\"https:\/\/youth-futures.com\/wp-content\/uploads\/2025\/09\/DSC06595-1024x683.jpg\" class=\"attachment-large size-large wp-image-1295\" alt=\"\" srcset=\"https:\/\/youth-futures.com\/wp-content\/uploads\/2025\/09\/DSC06595-1024x683.jpg 1024w, https:\/\/youth-futures.com\/wp-content\/uploads\/2025\/09\/DSC06595-300x200.jpg 300w, https:\/\/youth-futures.com\/wp-content\/uploads\/2025\/09\/DSC06595-768x512.jpg 768w, https:\/\/youth-futures.com\/wp-content\/uploads\/2025\/09\/DSC06595-1536x1024.jpg 1536w, https:\/\/youth-futures.com\/wp-content\/uploads\/2025\/09\/DSC06595-2048x1365.jpg 2048w\" sizes=\"(max-width: 800px) 100vw, 800px\" \/>\t\t\t\t\t\t\t\t\t\t\t\t\t<\/div>\n\t\t\t\t<\/div>\n\t\t\t\t\t<\/div>\n\t\t<\/div>\n\t\t\t\t\t<\/div>\n\t\t<\/section>\n\t\t\t\t<section class=\"elementor-section elementor-top-section elementor-element elementor-element-1baf0c1 elementor-section-height-min-height elementor-section-boxed elementor-section-height-default elementor-section-items-middle\" data-id=\"1baf0c1\" data-element_type=\"section\" data-settings=\"{&quot;background_background&quot;:&quot;classic&quot;}\">\n\t\t\t\t\t\t<div class=\"elementor-container elementor-column-gap-default\">\n\t\t\t\t\t<div class=\"elementor-column elementor-col-50 elementor-top-column elementor-element elementor-element-e387779\" data-id=\"e387779\" data-element_type=\"column\">\n\t\t\t<div class=\"elementor-widget-wrap elementor-element-populated\">\n\t\t\t\t\t\t<div class=\"elementor-element elementor-element-4070277 elementor-widget elementor-widget-image\" data-id=\"4070277\" data-element_type=\"widget\" data-widget_type=\"image.default\">\n\t\t\t\t<div class=\"elementor-widget-container\">\n\t\t\t\t\t\t\t\t\t\t\t\t\t<img loading=\"lazy\" decoding=\"async\" width=\"2560\" height=\"1438\" src=\"https:\/\/youth-futures.com\/wp-content\/uploads\/2025\/09\/DSC02306-scaled.jpg\" class=\"attachment-full size-full wp-image-1297\" alt=\"\" srcset=\"https:\/\/youth-futures.com\/wp-content\/uploads\/2025\/09\/DSC02306-scaled.jpg 2560w, https:\/\/youth-futures.com\/wp-content\/uploads\/2025\/09\/DSC02306-300x168.jpg 300w, https:\/\/youth-futures.com\/wp-content\/uploads\/2025\/09\/DSC02306-1024x575.jpg 1024w, https:\/\/youth-futures.com\/wp-content\/uploads\/2025\/09\/DSC02306-768x431.jpg 768w, https:\/\/youth-futures.com\/wp-content\/uploads\/2025\/09\/DSC02306-1536x863.jpg 1536w, https:\/\/youth-futures.com\/wp-content\/uploads\/2025\/09\/DSC02306-2048x1150.jpg 2048w\" sizes=\"(max-width: 2560px) 100vw, 2560px\" \/>\t\t\t\t\t\t\t\t\t\t\t\t\t<\/div>\n\t\t\t\t<\/div>\n\t\t\t\t\t<\/div>\n\t\t<\/div>\n\t\t\t\t<div class=\"elementor-column elementor-col-50 elementor-top-column elementor-element elementor-element-7d111db\" data-id=\"7d111db\" data-element_type=\"column\">\n\t\t\t<div class=\"elementor-widget-wrap elementor-element-populated\">\n\t\t\t\t\t\t<div class=\"elementor-element elementor-element-1b81392 elementor-widget elementor-widget-heading\" data-id=\"1b81392\" data-element_type=\"widget\" data-widget_type=\"heading.default\">\n\t\t\t\t<div class=\"elementor-widget-container\">\n\t\t\t<h1 class=\"elementor-heading-title elementor-size-default\">Accueillir un \u00e9tudiant en stage pendant l\u2019\u00e9t\u00e9<\/h1>\t\t<\/div>\n\t\t\t\t<\/div>\n\t\t\t\t<div class=\"elementor-element elementor-element-5e839b5 elementor-widget elementor-widget-text-editor\" data-id=\"5e839b5\" data-element_type=\"widget\" data-widget_type=\"text-editor.default\">\n\t\t\t\t<div class=\"elementor-widget-container\">\n\t\t\t\t\t\t\t<p>Les stages en milieu de travail constituent un \u00e9l\u00e9ment cl\u00e9 du programme Avenir Jeunesse, car ils permettent aux \u00e9tudiants d&rsquo;acqu\u00e9rir une exp\u00e9rience pratique qui les pr\u00e9pare \u00e0 leur carri\u00e8re. D\u00e9couvrez comment votre organisation peut accueillir un \u00e9tudiant pendant l&rsquo;\u00e9t\u00e9.<\/p>\n\t\t\t\t\t\t<\/div>\n\t\t\t\t<\/div>\n\t\t\t\t<div class=\"elementor-element elementor-element-2615e6c button--large-donate elementor-widget elementor-widget-button\" data-id=\"2615e6c\" data-element_type=\"widget\" data-widget_type=\"button.default\">\n\t\t\t\t<div class=\"elementor-widget-container\">\n\t\t\t\t\t\t\t<div class=\"elementor-button-wrapper\">\n\t\t\t\t\t<a class=\"elementor-button elementor-button-link elementor-size-sm\" href=\"https:\/\/youth-futures.com\/fr\/participer\/employeurs\/\">\n\t\t\t\t\t\t<span class=\"elementor-button-content-wrapper\">\n\t\t\t\t\t\t\t\t\t<span class=\"elementor-button-text\">En savoir plus<\/span>\n\t\t\t\t\t<\/span>\n\t\t\t\t\t<\/a>\n\t\t\t\t<\/div>\n\t\t\t\t\t\t<\/div>\n\t\t\t\t<\/div>\n\t\t\t\t\t<\/div>\n\t\t<\/div>\n\t\t\t\t\t<\/div>\n\t\t<\/section>\n\t\t\t\t<section class=\"elementor-section elementor-top-section elementor-element elementor-element-341d6c4 elementor-section-height-min-height elementor-reverse-mobile elementor-section-boxed elementor-section-height-default elementor-section-items-middle\" data-id=\"341d6c4\" data-element_type=\"section\" data-settings=\"{&quot;background_background&quot;:&quot;classic&quot;}\">\n\t\t\t\t\t\t<div class=\"elementor-container elementor-column-gap-default\">\n\t\t\t\t\t<div class=\"elementor-column elementor-col-50 elementor-top-column elementor-element elementor-element-f606d5e\" data-id=\"f606d5e\" data-element_type=\"column\">\n\t\t\t<div class=\"elementor-widget-wrap elementor-element-populated\">\n\t\t\t\t\t\t<div class=\"elementor-element elementor-element-cf699c1 elementor-widget elementor-widget-heading\" data-id=\"cf699c1\" data-element_type=\"widget\" data-widget_type=\"heading.default\">\n\t\t\t\t<div class=\"elementor-widget-container\">\n\t\t\t<h1 class=\"elementor-heading-title elementor-size-default\">Parents et tuteurs<\/h1>\t\t<\/div>\n\t\t\t\t<\/div>\n\t\t\t\t<div class=\"elementor-element elementor-element-cdfedde elementor-widget elementor-widget-text-editor\" data-id=\"cdfedde\" data-element_type=\"widget\" data-widget_type=\"text-editor.default\">\n\t\t\t\t<div class=\"elementor-widget-container\">\n\t\t\t\t\t\t\t<p>Les parents et les tuteurs sont des partenaires importants chez Avenir Jeunesse. Nous souhaitons travailler avec vous afin d&rsquo;assurer la r\u00e9ussite de votre enfant tout au long du programme. Votre soutien est essentiel pour garantir que votre enfant continue \u00e0 s&rsquo;engager \u00e0 assister et \u00e0 participer au programme. Pour en savoir plus, veuillez nous contacter.<\/p>\n\t\t\t\t\t\t<\/div>\n\t\t\t\t<\/div>\n\t\t\t\t<div class=\"elementor-element elementor-element-f7d9f5e button--large-donate elementor-widget elementor-widget-button\" data-id=\"f7d9f5e\" data-element_type=\"widget\" data-widget_type=\"button.default\">\n\t\t\t\t<div class=\"elementor-widget-container\">\n\t\t\t\t\t\t\t<div class=\"elementor-button-wrapper\">\n\t\t\t\t\t<a class=\"elementor-button elementor-button-link elementor-size-sm\" href=\"mailto:razanne.yassine@ottawa.ca\">\n\t\t\t\t\t\t<span class=\"elementor-button-content-wrapper\">\n\t\t\t\t\t\t\t\t\t<span class=\"elementor-button-text\">En savoir plus<\/span>\n\t\t\t\t\t<\/span>\n\t\t\t\t\t<\/a>\n\t\t\t\t<\/div>\n\t\t\t\t\t\t<\/div>\n\t\t\t\t<\/div>\n\t\t\t\t\t<\/div>\n\t\t<\/div>\n\t\t\t\t<div class=\"elementor-column elementor-col-50 elementor-top-column elementor-element elementor-element-b0fd7d1\" data-id=\"b0fd7d1\" data-element_type=\"column\">\n\t\t\t<div class=\"elementor-widget-wrap elementor-element-populated\">\n\t\t\t\t\t\t<div class=\"elementor-element elementor-element-b24f69e elementor-widget elementor-widget-image\" data-id=\"b24f69e\" data-element_type=\"widget\" data-widget_type=\"image.default\">\n\t\t\t\t<div class=\"elementor-widget-container\">\n\t\t\t\t\t\t\t\t\t\t\t\t\t<img loading=\"lazy\" decoding=\"async\" width=\"800\" height=\"534\" src=\"https:\/\/youth-futures.com\/wp-content\/uploads\/2025\/09\/DSC06605-scaled-e1758729491307-1024x683.jpg\" class=\"attachment-large size-large wp-image-1299\" alt=\"\" srcset=\"https:\/\/youth-futures.com\/wp-content\/uploads\/2025\/09\/DSC06605-scaled-e1758729491307-1024x683.jpg 1024w, https:\/\/youth-futures.com\/wp-content\/uploads\/2025\/09\/DSC06605-scaled-e1758729491307-300x200.jpg 300w, https:\/\/youth-futures.com\/wp-content\/uploads\/2025\/09\/DSC06605-scaled-e1758729491307-768x512.jpg 768w, https:\/\/youth-futures.com\/wp-content\/uploads\/2025\/09\/DSC06605-scaled-e1758729491307-1536x1024.jpg 1536w, https:\/\/youth-futures.com\/wp-content\/uploads\/2025\/09\/DSC06605-scaled-e1758729491307.jpg 1800w\" sizes=\"(max-width: 800px) 100vw, 800px\" \/>\t\t\t\t\t\t\t\t\t\t\t\t\t<\/div>\n\t\t\t\t<\/div>\n\t\t\t\t\t<\/div>\n\t\t<\/div>\n\t\t\t\t\t<\/div>\n\t\t<\/section>\n\t\t\t\t<section class=\"elementor-section elementor-top-section elementor-element elementor-element-c7e9c55 elementor-section-height-min-height elementor-section-boxed elementor-section-height-default elementor-section-items-middle\" data-id=\"c7e9c55\" data-element_type=\"section\" data-settings=\"{&quot;background_background&quot;:&quot;classic&quot;}\">\n\t\t\t\t\t\t<div class=\"elementor-container elementor-column-gap-default\">\n\t\t\t\t\t<div class=\"elementor-column elementor-col-50 elementor-top-column elementor-element elementor-element-e3e4e0c\" data-id=\"e3e4e0c\" data-element_type=\"column\">\n\t\t\t<div class=\"elementor-widget-wrap elementor-element-populated\">\n\t\t\t\t\t\t<div class=\"elementor-element elementor-element-c6c1edc elementor-widget elementor-widget-image\" data-id=\"c6c1edc\" data-element_type=\"widget\" data-widget_type=\"image.default\">\n\t\t\t\t<div class=\"elementor-widget-container\">\n\t\t\t\t\t\t\t\t\t\t\t\t\t<img loading=\"lazy\" decoding=\"async\" width=\"800\" height=\"532\" src=\"https:\/\/youth-futures.com\/wp-content\/uploads\/2025\/09\/1-_DSC4684-1-1024x681.jpg\" class=\"attachment-large size-large wp-image-1301\" alt=\"\" srcset=\"https:\/\/youth-futures.com\/wp-content\/uploads\/2025\/09\/1-_DSC4684-1-1024x681.jpg 1024w, https:\/\/youth-futures.com\/wp-content\/uploads\/2025\/09\/1-_DSC4684-1-300x200.jpg 300w, https:\/\/youth-futures.com\/wp-content\/uploads\/2025\/09\/1-_DSC4684-1-768x511.jpg 768w, https:\/\/youth-futures.com\/wp-content\/uploads\/2025\/09\/1-_DSC4684-1-1536x1022.jpg 1536w, https:\/\/youth-futures.com\/wp-content\/uploads\/2025\/09\/1-_DSC4684-1-2048x1363.jpg 2048w\" sizes=\"(max-width: 800px) 100vw, 800px\" \/>\t\t\t\t\t\t\t\t\t\t\t\t\t<\/div>\n\t\t\t\t<\/div>\n\t\t\t\t\t<\/div>\n\t\t<\/div>\n\t\t\t\t<div class=\"elementor-column elementor-col-50 elementor-top-column elementor-element elementor-element-3a9d683\" data-id=\"3a9d683\" data-element_type=\"column\">\n\t\t\t<div class=\"elementor-widget-wrap elementor-element-populated\">\n\t\t\t\t\t\t<div class=\"elementor-element elementor-element-298d4da elementor-widget elementor-widget-heading\" data-id=\"298d4da\" data-element_type=\"widget\" data-widget_type=\"heading.default\">\n\t\t\t\t<div class=\"elementor-widget-container\">\n\t\t\t<h1 class=\"elementor-heading-title elementor-size-default\">Commanditaires<\/h1>\t\t<\/div>\n\t\t\t\t<\/div>\n\t\t\t\t<div class=\"elementor-element elementor-element-e1f701e elementor-widget elementor-widget-text-editor\" data-id=\"e1f701e\" data-element_type=\"widget\" data-widget_type=\"text-editor.default\">\n\t\t\t\t<div class=\"elementor-widget-container\">\n\t\t\t\t\t\t\t<p>Le programme Youth Futures est gratuit pour tous les participants, gr\u00e2ce \u00e0 un g\u00e9n\u00e9reux soutien financier et en nature. <a href=\"mailto:annie.premachuk@ochfoundaiton.ca\">\u00c9crivez-nous<\/a> pour savoir comment vous pouvez aider les jeunes \u00e0 acc\u00e9der \u00e0 ces opportunit\u00e9s qui changent leur vie.<\/p>\n\t\t\t\t\t\t<\/div>\n\t\t\t\t<\/div>\n\t\t\t\t<div class=\"elementor-element elementor-element-5242c13 button--large-donate elementor-widget elementor-widget-button\" data-id=\"5242c13\" data-element_type=\"widget\" data-widget_type=\"button.default\">\n\t\t\t\t<div class=\"elementor-widget-container\">\n\t\t\t\t\t\t\t<div class=\"elementor-button-wrapper\">\n\t\t\t\t\t<a class=\"elementor-button elementor-button-link elementor-size-sm\" href=\"https:\/\/youth-futures.com\/fr\/participer\/commanditaires\/\">\n\t\t\t\t\t\t<span class=\"elementor-button-content-wrapper\">\n\t\t\t\t\t\t\t\t\t<span class=\"elementor-button-text\">En savoir plus<\/span>\n\t\t\t\t\t<\/span>\n\t\t\t\t\t<\/a>\n\t\t\t\t<\/div>\n\t\t\t\t\t\t<\/div>\n\t\t\t\t<\/div>\n\t\t\t\t\t<\/div>\n\t\t<\/div>\n\t\t\t\t\t<\/div>\n\t\t<\/section>\n\t\t\t\t<\/div>\n\t\t","protected":false},"excerpt":{"rendered":"<p>Le programme Avenir Jeunesse a aid\u00e9 plus de 1 500 jeunes \u00e0 acqu\u00e9rir les comp\u00e9tences, l&rsquo;exp\u00e9rience et la confiance n\u00e9cessaires pour r\u00e9ussir \u00e0 l&rsquo;\u00e9cole, au travail et dans la vie. Ce succ\u00e8s est rendu possible gr\u00e2ce \u00e0 nos mentors d\u00e9vou\u00e9s, \u00e0 nos partenaires du programme, \u00e0 nos employeurs et \u00e0 nos familles qui nous soutiennent. [&hellip;]<\/p>\n","protected":false},"author":1,"featured_media":0,"parent":0,"menu_order":0,"comment_status":"closed","ping_status":"closed","template":"","meta":{"footnotes":""},"class_list":["post-885","page","type-page","status-publish","hentry"],"_links":{"self":[{"href":"https:\/\/youth-futures.com\/fr\/wp-json\/wp\/v2\/pages\/885","targetHints":{"allow":["GET"]}}],"collection":[{"href":"https:\/\/youth-futures.com\/fr\/wp-json\/wp\/v2\/pages"}],"about":[{"href":"https:\/\/youth-futures.com\/fr\/wp-json\/wp\/v2\/types\/page"}],"author":[{"embeddable":true,"href":"https:\/\/youth-futures.com\/fr\/wp-json\/wp\/v2\/users\/1"}],"replies":[{"embeddable":true,"href":"https:\/\/youth-futures.com\/fr\/wp-json\/wp\/v2\/comments?post=885"}],"version-history":[{"count":22,"href":"https:\/\/youth-futures.com\/fr\/wp-json\/wp\/v2\/pages\/885\/revisions"}],"predecessor-version":[{"id":1605,"href":"https:\/\/youth-futures.com\/fr\/wp-json\/wp\/v2\/pages\/885\/revisions\/1605"}],"wp:attachment":[{"href":"https:\/\/youth-futures.com\/fr\/wp-json\/wp\/v2\/media?parent=885"}],"curies":[{"name":"wp","href":"https:\/\/api.w.org\/{rel}","templated":true}]}}