{"id":889,"date":"2022-02-23T18:32:45","date_gmt":"2022-02-23T23:32:45","guid":{"rendered":"https:\/\/youth-futures.com\/participer\/employeurs\/"},"modified":"2025-12-11T08:23:16","modified_gmt":"2025-12-11T13:23:16","slug":"employeurs","status":"publish","type":"page","link":"https:\/\/youth-futures.com\/fr\/participer\/employeurs\/","title":{"rendered":"Employeurs"},"content":{"rendered":"\t\t<div data-elementor-type=\"wp-post\" data-elementor-id=\"889\" class=\"elementor elementor-889 elementor-495\" data-elementor-post-type=\"page\">\n\t\t\t\t\t\t<section class=\"elementor-section elementor-top-section elementor-element elementor-element-51c66899 elementor-section-full_width elementor-section-height-min-height elementor-section-height-default elementor-section-items-middle\" data-id=\"51c66899\" data-element_type=\"section\" data-settings=\"{&quot;background_background&quot;:&quot;classic&quot;}\">\n\t\t\t\t\t\t<div class=\"elementor-container elementor-column-gap-no\">\n\t\t\t\t\t<div class=\"elementor-column elementor-col-50 elementor-top-column elementor-element elementor-element-b6d46f6\" data-id=\"b6d46f6\" data-element_type=\"column\" data-settings=\"{&quot;background_background&quot;:&quot;classic&quot;}\">\n\t\t\t<div class=\"elementor-widget-wrap elementor-element-populated\">\n\t\t\t\t\t\t<div class=\"elementor-element elementor-element-672f4f23 elementor-widget elementor-widget-heading\" data-id=\"672f4f23\" data-element_type=\"widget\" data-widget_type=\"heading.default\">\n\t\t\t\t<div class=\"elementor-widget-container\">\n\t\t\t<h2 class=\"elementor-heading-title elementor-size-default\">Employeurs<\/h2>\t\t<\/div>\n\t\t\t\t<\/div>\n\t\t\t\t\t<\/div>\n\t\t<\/div>\n\t\t\t\t<div class=\"elementor-column elementor-col-50 elementor-top-column elementor-element elementor-element-f0c8eb6\" data-id=\"f0c8eb6\" data-element_type=\"column\" data-settings=\"{&quot;background_background&quot;:&quot;classic&quot;}\">\n\t\t\t<div class=\"elementor-widget-wrap elementor-element-populated\">\n\t\t\t\t\t\t<div class=\"elementor-element elementor-element-4fc2e80 elementor-widget elementor-widget-image\" data-id=\"4fc2e80\" data-element_type=\"widget\" data-widget_type=\"image.default\">\n\t\t\t\t<div class=\"elementor-widget-container\">\n\t\t\t\t\t\t\t\t\t\t\t\t\t<img fetchpriority=\"high\" decoding=\"async\" width=\"800\" height=\"534\" src=\"https:\/\/youth-futures.com\/wp-content\/uploads\/2025\/09\/DSC03886-1-1024x683.jpg\" class=\"attachment-large size-large wp-image-1312\" alt=\"\" srcset=\"https:\/\/youth-futures.com\/wp-content\/uploads\/2025\/09\/DSC03886-1-1024x683.jpg 1024w, https:\/\/youth-futures.com\/wp-content\/uploads\/2025\/09\/DSC03886-1-300x200.jpg 300w, https:\/\/youth-futures.com\/wp-content\/uploads\/2025\/09\/DSC03886-1-768x512.jpg 768w, https:\/\/youth-futures.com\/wp-content\/uploads\/2025\/09\/DSC03886-1-1536x1024.jpg 1536w, https:\/\/youth-futures.com\/wp-content\/uploads\/2025\/09\/DSC03886-1-2048x1365.jpg 2048w\" sizes=\"(max-width: 800px) 100vw, 800px\" \/>\t\t\t\t\t\t\t\t\t\t\t\t\t<\/div>\n\t\t\t\t<\/div>\n\t\t\t\t\t<\/div>\n\t\t<\/div>\n\t\t\t\t\t<\/div>\n\t\t<\/section>\n\t\t\t\t<section class=\"elementor-section elementor-top-section elementor-element elementor-element-2b2d66a2 elementor-section-boxed elementor-section-height-default elementor-section-height-default\" data-id=\"2b2d66a2\" data-element_type=\"section\">\n\t\t\t\t\t\t<div class=\"elementor-container elementor-column-gap-no\">\n\t\t\t\t\t<div class=\"elementor-column elementor-col-100 elementor-top-column elementor-element elementor-element-1d1aa36e\" data-id=\"1d1aa36e\" data-element_type=\"column\">\n\t\t\t<div class=\"elementor-widget-wrap elementor-element-populated\">\n\t\t\t\t\t\t<div class=\"elementor-element elementor-element-44735381 elementor-widget elementor-widget-text-editor\" data-id=\"44735381\" data-element_type=\"widget\" data-widget_type=\"text-editor.default\">\n\t\t\t\t<div class=\"elementor-widget-container\">\n\t\t\t\t\t\t\t<p class=\"p1\">Au cours d&rsquo;un stage d&rsquo;\u00e9t\u00e9, les participants au programme Avenir Jeunesse acqui\u00e8rent la confiance, les comp\u00e9tences et les relations dont ils ont besoin pour r\u00e9ussir. Chaque ann\u00e9e, des dizaines d&rsquo;organisations d&rsquo;Ottawa s&rsquo;associent au programme pour offrir des opportunit\u00e9s concr\u00e8tes dans le cadre de postes d&rsquo;\u00e9t\u00e9 de niveau d\u00e9butant. \u00a0Si vous souhaitez accueillir un de nos participants cet \u00e9t\u00e9, \u00e9crivez \u00e0 <a href=\"mailto:mary.harris@ottawa.ca\">la coordonnatrice de l\u2019emploi<\/a><span class=\"Apple-converted-space\">\u00a0<\/span><\/p>\n\t\t\t\t\t\t<\/div>\n\t\t\t\t<\/div>\n\t\t\t\t<div class=\"elementor-element elementor-element-7d922cd1 elementor-widget elementor-widget-text-editor\" data-id=\"7d922cd1\" data-element_type=\"widget\" data-widget_type=\"text-editor.default\">\n\t\t\t\t<div class=\"elementor-widget-container\">\n\t\t\t\t\t\t\t<h3 class=\"p1\">FAQ DES EMPLOYEURS<\/h3>\n\t\t\t\t\t\t<\/div>\n\t\t\t\t<\/div>\n\t\t\t\t<div class=\"elementor-element elementor-element-bfe2864 elementor-widget elementor-widget-text-editor\" data-id=\"bfe2864\" data-element_type=\"widget\" data-widget_type=\"text-editor.default\">\n\t\t\t\t<div class=\"elementor-widget-container\">\n\t\t\t\t\t\t\t<ul>\n<li>Algonquin College<\/li>\n<li>BGC Ottawa<\/li>\n<li>Borden Ladner Gervais LLP<\/li>\n<li>Sant\u00e9 Bruy\u00e8re<\/li>\n<li>Centre catholique pour immigrants &#8211; Ottawa<\/li>\n<li>Ville d\u2019Ottawa\n<ul>\n<li>Services sociaux et communautaires<\/li>\n<li>Finances et Services organisationnels<\/li>\n<li>Services d\u2019infrastructure et d\u2019eau<\/li>\n<li>Biblioth\u00e8que publique d\u2019Ottawa<\/li>\n<li>Services de la planification, de l\u2019am\u00e9nagement et du b\u00e2timent<\/li>\n<li>Services des travaux publics<\/li>\n<li>Service des loisirs, de la culture et des installations<\/li>\n<li>Services de transport en commun<\/li>\n<\/ul>\n<\/li>\n<li>Coll\u00e8ge La Cit\u00e9<\/li>\n<li>Digital Arts Resource Centre<\/li>\n<li>Emond Harnden LLP<\/li>\n<li>Gowling WLG<\/li>\n<li>Ingenium &#8211; Mus\u00e9es des sciences et de l\u2019innovation du Canada<\/li>\n<li>La Maison de la Francophonie<\/li>\n<li>Centre de ressources communautaires de la Basse-Ville<\/li>\n<li>Galerie d\u2019art d\u2019Ottawa<\/li>\n<li>La Soci\u00e9t\u00e9 de logement communautaire d\u2019Ottawa (LCO)<\/li>\n<li>Fondation LCO<\/li>\n<li>Prezdential Ottawa<\/li>\n<li>Centre de ressources communautaires de Rideau-Rockcliffe<\/li>\n<li>Restore Medical Clinics<\/li>\n<li>Centre de sant\u00e9 communautaire C\u00f4te-de-Sable &#8211; Maison communautaire Strathcona Heights<\/li>\n<li>Somali Centre for Family Services<\/li>\n<li>Centre des services communautaires Vanier<\/li>\n<li>YWCA<\/li>\n<\/ul>\n\t\t\t\t\t\t<\/div>\n\t\t\t\t<\/div>\n\t\t\t\t\t<\/div>\n\t\t<\/div>\n\t\t\t\t\t<\/div>\n\t\t<\/section>\n\t\t\t\t<section class=\"elementor-section elementor-top-section elementor-element elementor-element-439a111 elementor-section-boxed elementor-section-height-default elementor-section-height-default\" data-id=\"439a111\" data-element_type=\"section\">\n\t\t\t\t\t\t<div class=\"elementor-container elementor-column-gap-default\">\n\t\t\t\t\t<div class=\"elementor-column elementor-col-100 elementor-top-column elementor-element elementor-element-37ed5de\" data-id=\"37ed5de\" data-element_type=\"column\">\n\t\t\t<div class=\"elementor-widget-wrap\">\n\t\t\t\t\t\t\t<\/div>\n\t\t<\/div>\n\t\t\t\t\t<\/div>\n\t\t<\/section>\n\t\t\t\t<\/div>\n\t\t","protected":false},"excerpt":{"rendered":"<p>Au cours d&rsquo;un stage d&rsquo;\u00e9t\u00e9, les participants au programme Avenir Jeunesse acqui\u00e8rent la confiance, les comp\u00e9tences et les relations dont ils ont besoin pour r\u00e9ussir. Chaque ann\u00e9e, des dizaines d&rsquo;organisations d&rsquo;Ottawa s&rsquo;associent au programme pour offrir des opportunit\u00e9s concr\u00e8tes dans le cadre de postes d&rsquo;\u00e9t\u00e9 de niveau d\u00e9butant. \u00a0Si vous souhaitez accueillir un de nos [&hellip;]<\/p>\n","protected":false},"author":1,"featured_media":0,"parent":885,"menu_order":0,"comment_status":"closed","ping_status":"closed","template":"","meta":{"footnotes":""},"class_list":["post-889","page","type-page","status-publish","hentry"],"_links":{"self":[{"href":"https:\/\/youth-futures.com\/fr\/wp-json\/wp\/v2\/pages\/889","targetHints":{"allow":["GET"]}}],"collection":[{"href":"https:\/\/youth-futures.com\/fr\/wp-json\/wp\/v2\/pages"}],"about":[{"href":"https:\/\/youth-futures.com\/fr\/wp-json\/wp\/v2\/types\/page"}],"author":[{"embeddable":true,"href":"https:\/\/youth-futures.com\/fr\/wp-json\/wp\/v2\/users\/1"}],"replies":[{"embeddable":true,"href":"https:\/\/youth-futures.com\/fr\/wp-json\/wp\/v2\/comments?post=889"}],"version-history":[{"count":14,"href":"https:\/\/youth-futures.com\/fr\/wp-json\/wp\/v2\/pages\/889\/revisions"}],"predecessor-version":[{"id":1668,"href":"https:\/\/youth-futures.com\/fr\/wp-json\/wp\/v2\/pages\/889\/revisions\/1668"}],"up":[{"embeddable":true,"href":"https:\/\/youth-futures.com\/fr\/wp-json\/wp\/v2\/pages\/885"}],"wp:attachment":[{"href":"https:\/\/youth-futures.com\/fr\/wp-json\/wp\/v2\/media?parent=889"}],"curies":[{"name":"wp","href":"https:\/\/api.w.org\/{rel}","templated":true}]}}