{"id":892,"date":"2022-02-23T17:17:48","date_gmt":"2022-02-23T22:17:48","guid":{"rendered":"https:\/\/youth-futures.com\/participer\/mentors\/"},"modified":"2025-10-22T13:15:39","modified_gmt":"2025-10-22T17:15:39","slug":"mentors","status":"publish","type":"page","link":"https:\/\/youth-futures.com\/fr\/participer\/mentors\/","title":{"rendered":"Mentors"},"content":{"rendered":"\t\t<div data-elementor-type=\"wp-page\" data-elementor-id=\"892\" class=\"elementor elementor-892 elementor-476\" data-elementor-post-type=\"page\">\n\t\t\t\t\t\t<section class=\"elementor-section elementor-top-section elementor-element elementor-element-eeddc52 elementor-section-full_width elementor-section-height-min-height elementor-section-height-default elementor-section-items-middle\" data-id=\"eeddc52\" data-element_type=\"section\" data-settings=\"{&quot;background_background&quot;:&quot;classic&quot;}\">\n\t\t\t\t\t\t<div class=\"elementor-container elementor-column-gap-no\">\n\t\t\t\t\t<div class=\"elementor-column elementor-col-50 elementor-top-column elementor-element elementor-element-0992a99\" data-id=\"0992a99\" data-element_type=\"column\" data-settings=\"{&quot;background_background&quot;:&quot;classic&quot;}\">\n\t\t\t<div class=\"elementor-widget-wrap elementor-element-populated\">\n\t\t\t\t\t\t<div class=\"elementor-element elementor-element-d330566 elementor-widget elementor-widget-heading\" data-id=\"d330566\" data-element_type=\"widget\" data-widget_type=\"heading.default\">\n\t\t\t\t<div class=\"elementor-widget-container\">\n\t\t\t<h2 class=\"elementor-heading-title elementor-size-default\">Mentors<\/h2>\t\t<\/div>\n\t\t\t\t<\/div>\n\t\t\t\t\t<\/div>\n\t\t<\/div>\n\t\t\t\t<div class=\"elementor-column elementor-col-50 elementor-top-column elementor-element elementor-element-0a0593a\" data-id=\"0a0593a\" data-element_type=\"column\" data-settings=\"{&quot;background_background&quot;:&quot;classic&quot;}\">\n\t\t\t<div class=\"elementor-widget-wrap elementor-element-populated\">\n\t\t\t\t\t\t<div class=\"elementor-element elementor-element-f990546 elementor-widget elementor-widget-image\" data-id=\"f990546\" data-element_type=\"widget\" data-widget_type=\"image.default\">\n\t\t\t\t<div class=\"elementor-widget-container\">\n\t\t\t\t\t\t\t\t\t\t\t\t\t<img fetchpriority=\"high\" decoding=\"async\" width=\"800\" height=\"563\" src=\"https:\/\/youth-futures.com\/wp-content\/uploads\/2025\/09\/1-_DSC0631-scaled-e1758736304588-1024x721.jpg\" class=\"attachment-large size-large wp-image-1547\" alt=\"\" srcset=\"https:\/\/youth-futures.com\/wp-content\/uploads\/2025\/09\/1-_DSC0631-scaled-e1758736304588-1024x721.jpg 1024w, https:\/\/youth-futures.com\/wp-content\/uploads\/2025\/09\/1-_DSC0631-scaled-e1758736304588-300x211.jpg 300w, https:\/\/youth-futures.com\/wp-content\/uploads\/2025\/09\/1-_DSC0631-scaled-e1758736304588-768x541.jpg 768w, https:\/\/youth-futures.com\/wp-content\/uploads\/2025\/09\/1-_DSC0631-scaled-e1758736304588-1536x1082.jpg 1536w, https:\/\/youth-futures.com\/wp-content\/uploads\/2025\/09\/1-_DSC0631-scaled-e1758736304588.jpg 1750w\" sizes=\"(max-width: 800px) 100vw, 800px\" \/>\t\t\t\t\t\t\t\t\t\t\t\t\t<\/div>\n\t\t\t\t<\/div>\n\t\t\t\t\t<\/div>\n\t\t<\/div>\n\t\t\t\t\t<\/div>\n\t\t<\/section>\n\t\t\t\t<section class=\"elementor-section elementor-top-section elementor-element elementor-element-1bb49eaf elementor-section-boxed elementor-section-height-default elementor-section-height-default\" data-id=\"1bb49eaf\" data-element_type=\"section\">\n\t\t\t\t\t\t<div class=\"elementor-container elementor-column-gap-no\">\n\t\t\t\t\t<div class=\"elementor-column elementor-col-100 elementor-top-column elementor-element elementor-element-2d692691\" data-id=\"2d692691\" data-element_type=\"column\">\n\t\t\t<div class=\"elementor-widget-wrap elementor-element-populated\">\n\t\t\t\t\t\t<div class=\"elementor-element elementor-element-646347aa elementor-widget elementor-widget-text-editor\" data-id=\"646347aa\" data-element_type=\"widget\" data-widget_type=\"text-editor.default\">\n\t\t\t\t<div class=\"elementor-widget-container\">\n\t\t\t\t\t\t\t<p class=\"p1\">Les mentors fournissent des conseils et un soutien complets aux participants. Les responsabilit\u00e9s g\u00e9n\u00e9rales d&rsquo;un mentor comprennent :<\/p>\n\t\t\t\t\t\t<\/div>\n\t\t\t\t<\/div>\n\t\t\t\t<div class=\"elementor-element elementor-element-328cf6e0 elementor-widget elementor-widget-text-editor\" data-id=\"328cf6e0\" data-element_type=\"widget\" data-widget_type=\"text-editor.default\">\n\t\t\t\t<div class=\"elementor-widget-container\">\n\t\t\t\t\t\t\t<ul>\n<li>Apporter votre soutien \u00e0 un groupe de 15 participants.<\/li>\n<li>Aider les jeunes \u00e0 d\u00e9finir leurs objectifs d&rsquo;apprentissage, \u00e0 m\u00e9moriser et \u00e0 mettre en pratique leur formation.<\/li>\n<li>S&rsquo;engager activement dans l&rsquo;\u00e9tablissement de relations durables avec les jeunes.<\/li>\n<li>Assurer la liaison avec les employeurs pendant leurs stages d&rsquo;\u00e9t\u00e9.<\/li>\n<li>Contribuer \u00e0 la coordination des \u00e9v\u00e9nements du programme.<\/li>\n<\/ul>\n<p>Nous acceptons actuellement les candidatures pour devenir mentor aupr\u00e8s de pairs. Si vous fr\u00e9quentez actuellement un \u00e9tablissement d&rsquo;enseignement postsecondaire et que vous souhaitez devenir mentor, <a href=\"https:\/\/bgco.applytojobs.ca\/pyow\/42260\">postulez d\u00e8s maintenant<\/a>.<\/p>\n<h3><strong>Exigences pour les mentors<\/strong><\/h3>\n<h4><strong>Les mentors doivent fr\u00e9quenter un \u00e9tablissement d&rsquo;enseignement postsecondaire et \u00eatre int\u00e9ress\u00e9s par :<\/strong><\/h4>\n<ul>\n<li>L&rsquo;acquisition ou l&rsquo;am\u00e9lioration de leurs comp\u00e9tences en mati\u00e8re de leadership, de communication<br \/>\net de r\u00e9solution de conflits.<\/li>\n<li>L&rsquo;enrichissement de leur exp\u00e9rience professionnelle.<\/li>\n<li>Emploi garanti de janvier \u00e0 ao\u00fbt, \u00e0 temps partiel (15 heures par semaine) pendant le semestre d&rsquo;hiver et \u00e0 temps plein (35 heures par semaine) pendant l&rsquo;\u00e9t\u00e9. Mode de travail hybride.<\/li>\n<\/ul>\n<h3><strong>Pour \u00eatre admissibles, les candidats doivent :<\/strong><\/h3>\n<ul>\n<li>\u00catre inscrits dans un \u00e9tablissement d&rsquo;enseignement postsecondaire<\/li>\n<li>Manifester un int\u00e9r\u00eat pour le mentorat des jeunes<\/li>\n<li>\u00catre admissibles \u00e0 travailler au Canada<\/li>\n<li>Poss\u00e9der un num\u00e9ro d&rsquo;assurance sociale<\/li>\n<li>Ma\u00eetrise de Microsoft Office 365 (Word, Outlook, Excel et SharePoint)<\/li>\n<li>Capacit\u00e9 \u00e0 travailler le week-end et en soir\u00e9e.<\/li>\n<li>V\u00e9rification des ant\u00e9c\u00e9dents judiciaires pour les secteurs vuln\u00e9rables obligatoire.<\/li>\n<li>La ma\u00eetrise de l&rsquo;anglais est obligatoire, le bilinguisme est un atout.<\/li>\n<li>Remplir une demande en ligne<\/li>\n<li>Une formation en secourisme et en RCR est un atout<\/li>\n<li>Une formation High Five est un atout<\/li>\n<\/ul>\n<p>Les candidats doivent remplir un formulaire de candidature en ligne et participer \u00e0 un ou plusieurs entretiens avec l&rsquo;\u00e9quipe du programme Avenir Jeunesse. Le recrutement et l&#8217;embauche des mentors ont g\u00e9n\u00e9ralement lieu \u00e0 l&rsquo;automne.<\/p>\n\t\t\t\t\t\t<\/div>\n\t\t\t\t<\/div>\n\t\t\t\t\t<\/div>\n\t\t<\/div>\n\t\t\t\t\t<\/div>\n\t\t<\/section>\n\t\t\t\t<\/div>\n\t\t","protected":false},"excerpt":{"rendered":"<p>Les mentors fournissent des conseils et un soutien complets aux participants. Les responsabilit\u00e9s g\u00e9n\u00e9rales d&rsquo;un mentor comprennent : Apporter votre soutien \u00e0 un groupe de 15 participants. Aider les jeunes \u00e0 d\u00e9finir leurs objectifs d&rsquo;apprentissage, \u00e0 m\u00e9moriser et \u00e0 mettre en pratique leur formation. S&rsquo;engager activement dans l&rsquo;\u00e9tablissement de relations durables avec les jeunes. Assurer [&hellip;]<\/p>\n","protected":false},"author":1,"featured_media":0,"parent":885,"menu_order":0,"comment_status":"closed","ping_status":"closed","template":"","meta":{"footnotes":""},"class_list":["post-892","page","type-page","status-publish","hentry"],"_links":{"self":[{"href":"https:\/\/youth-futures.com\/fr\/wp-json\/wp\/v2\/pages\/892","targetHints":{"allow":["GET"]}}],"collection":[{"href":"https:\/\/youth-futures.com\/fr\/wp-json\/wp\/v2\/pages"}],"about":[{"href":"https:\/\/youth-futures.com\/fr\/wp-json\/wp\/v2\/types\/page"}],"author":[{"embeddable":true,"href":"https:\/\/youth-futures.com\/fr\/wp-json\/wp\/v2\/users\/1"}],"replies":[{"embeddable":true,"href":"https:\/\/youth-futures.com\/fr\/wp-json\/wp\/v2\/comments?post=892"}],"version-history":[{"count":13,"href":"https:\/\/youth-futures.com\/fr\/wp-json\/wp\/v2\/pages\/892\/revisions"}],"predecessor-version":[{"id":1632,"href":"https:\/\/youth-futures.com\/fr\/wp-json\/wp\/v2\/pages\/892\/revisions\/1632"}],"up":[{"embeddable":true,"href":"https:\/\/youth-futures.com\/fr\/wp-json\/wp\/v2\/pages\/885"}],"wp:attachment":[{"href":"https:\/\/youth-futures.com\/fr\/wp-json\/wp\/v2\/media?parent=892"}],"curies":[{"name":"wp","href":"https:\/\/api.w.org\/{rel}","templated":true}]}}