{"id":895,"date":"2022-02-23T18:48:03","date_gmt":"2022-02-23T23:48:03","guid":{"rendered":"https:\/\/youth-futures.com\/participer\/commanditaires\/"},"modified":"2025-09-25T14:44:25","modified_gmt":"2025-09-25T18:44:25","slug":"commanditaires","status":"publish","type":"page","link":"https:\/\/youth-futures.com\/fr\/participer\/commanditaires\/","title":{"rendered":"Commanditaires"},"content":{"rendered":"\t\t<div data-elementor-type=\"wp-post\" data-elementor-id=\"895\" class=\"elementor elementor-895 elementor-507\" data-elementor-post-type=\"page\">\n\t\t\t\t\t\t<section class=\"elementor-section elementor-top-section elementor-element elementor-element-5055a320 elementor-section-full_width elementor-section-height-min-height elementor-section-height-default elementor-section-items-middle\" data-id=\"5055a320\" data-element_type=\"section\" data-settings=\"{&quot;background_background&quot;:&quot;classic&quot;}\">\n\t\t\t\t\t\t<div class=\"elementor-container elementor-column-gap-no\">\n\t\t\t\t\t<div class=\"elementor-column elementor-col-50 elementor-top-column elementor-element elementor-element-7d775048\" data-id=\"7d775048\" data-element_type=\"column\" data-settings=\"{&quot;background_background&quot;:&quot;classic&quot;}\">\n\t\t\t<div class=\"elementor-widget-wrap elementor-element-populated\">\n\t\t\t\t\t\t<div class=\"elementor-element elementor-element-6ecbd5c6 elementor-widget elementor-widget-heading\" data-id=\"6ecbd5c6\" data-element_type=\"widget\" data-widget_type=\"heading.default\">\n\t\t\t\t<div class=\"elementor-widget-container\">\n\t\t\t<h2 class=\"elementor-heading-title elementor-size-default\">Commanditaires<\/h2>\t\t<\/div>\n\t\t\t\t<\/div>\n\t\t\t\t\t<\/div>\n\t\t<\/div>\n\t\t\t\t<div class=\"elementor-column elementor-col-50 elementor-top-column elementor-element elementor-element-6e850898\" data-id=\"6e850898\" data-element_type=\"column\" data-settings=\"{&quot;background_background&quot;:&quot;classic&quot;}\">\n\t\t\t<div class=\"elementor-widget-wrap elementor-element-populated\">\n\t\t\t\t\t\t<div class=\"elementor-element elementor-element-5b99de2 elementor-widget elementor-widget-image\" data-id=\"5b99de2\" data-element_type=\"widget\" data-widget_type=\"image.default\">\n\t\t\t\t<div class=\"elementor-widget-container\">\n\t\t\t\t\t\t\t\t\t\t\t\t\t<img fetchpriority=\"high\" decoding=\"async\" width=\"800\" height=\"532\" src=\"https:\/\/youth-futures.com\/wp-content\/uploads\/2025\/09\/1-_DSC4684-1-1024x681.jpg\" class=\"attachment-large size-large wp-image-1301\" alt=\"\" srcset=\"https:\/\/youth-futures.com\/wp-content\/uploads\/2025\/09\/1-_DSC4684-1-1024x681.jpg 1024w, https:\/\/youth-futures.com\/wp-content\/uploads\/2025\/09\/1-_DSC4684-1-300x200.jpg 300w, https:\/\/youth-futures.com\/wp-content\/uploads\/2025\/09\/1-_DSC4684-1-768x511.jpg 768w, https:\/\/youth-futures.com\/wp-content\/uploads\/2025\/09\/1-_DSC4684-1-1536x1022.jpg 1536w, https:\/\/youth-futures.com\/wp-content\/uploads\/2025\/09\/1-_DSC4684-1-2048x1363.jpg 2048w\" sizes=\"(max-width: 800px) 100vw, 800px\" \/>\t\t\t\t\t\t\t\t\t\t\t\t\t<\/div>\n\t\t\t\t<\/div>\n\t\t\t\t\t<\/div>\n\t\t<\/div>\n\t\t\t\t\t<\/div>\n\t\t<\/section>\n\t\t\t\t<section class=\"elementor-section elementor-top-section elementor-element elementor-element-8f776fe elementor-section-boxed elementor-section-height-default elementor-section-height-default\" data-id=\"8f776fe\" data-element_type=\"section\">\n\t\t\t\t\t\t<div class=\"elementor-container elementor-column-gap-no\">\n\t\t\t\t\t<div class=\"elementor-column elementor-col-100 elementor-top-column elementor-element elementor-element-194d72e\" data-id=\"194d72e\" data-element_type=\"column\">\n\t\t\t<div class=\"elementor-widget-wrap elementor-element-populated\">\n\t\t\t\t\t\t<div class=\"elementor-element elementor-element-51e100c2 elementor-widget elementor-widget-text-editor\" data-id=\"51e100c2\" data-element_type=\"widget\" data-widget_type=\"text-editor.default\">\n\t\t\t\t<div class=\"elementor-widget-container\">\n\t\t\t\t\t\t\t<p class=\"p1\">Le programme Avenir Jeunesse, d\u2019une dur\u00e9e de six mois, est offert gratuitement gr\u00e2ce \u00e0 la contribution financi\u00e8re et en nature de nombreux partenaires\u00a0: gouvernements, entreprises locales, \u00e9tablissements d\u2019enseignement postsecondaire, donateurs, commanditaires,\u00a0etc. Envisagez de contribuer au programme et de changer la vie de jeunes de notre communaut\u00e9.<\/p>\n\t\t\t\t\t\t<\/div>\n\t\t\t\t<\/div>\n\t\t\t\t<div class=\"elementor-element elementor-element-4c2e747c elementor-widget elementor-widget-text-editor\" data-id=\"4c2e747c\" data-element_type=\"widget\" data-widget_type=\"text-editor.default\">\n\t\t\t\t<div class=\"elementor-widget-container\">\n\t\t\t\t\t\t\t<h3 class=\"p1\"><strong>Voici les besoins que nous cherchons \u00e0 combler en 2022\u00a0:<\/strong><\/h3>\r\n<ul class=\"ul1\">\r\n \t<li class=\"li1\">Technologies (mise \u00e0 niveau des anciens syst\u00e8mes et acquisition de nouveaux, en particulier des ordinateurs portables et des casques audio)<\/li>\r\n \t<li class=\"li1\">Collations sant\u00e9 pour les ateliers et la formation en pr\u00e9sentiel<\/li>\r\n \t<li class=\"li1\">Salaires des mentors<\/li>\r\n \t<li class=\"li1\">Bourses d\u2019\u00e9tudes postsecondaires<\/li>\r\n \t<li class=\"li1\">Transport (laissez-passer et billets d\u2019autobus pour les stages)<\/li>\r\n \t<li class=\"li1\">\u00c9quipement de protection individuel<\/li>\r\n \t<li>Ateliers de d\u00e9veloppement des comp\u00e9tences et possibilit\u00e9s de formation suppl\u00e9mentaires pour les mentors (par exemple, formation aux premiers secours en sant\u00e9 mentale)<\/li>\r\n \t<li class=\"li1\">C\u00e9r\u00e9monie de lancement et de r\u00e9ussite du programme Avenir Jeunesse<\/li>\r\n<\/ul>\r\n<p class=\"p1\">Veuillez communiquer directement avec la Fondation de logement communautaire d\u2019Ottawa \u00e0 <a href=\"mailto:annie.premachuk@ochfoundation.ca\">annie.premachuk@ochfoundation.ca<\/a> pour en savoir plus sur les fa\u00e7ons de soutenir le programme Avenir Jeunesse ou <a href=\"https:\/\/acahhplr.donorsupport.co\/page\/FUNJNHPMSDZ\">faire un\u00a0don.<\/a><\/p>\t\t\t\t\t\t<\/div>\n\t\t\t\t<\/div>\n\t\t\t\t\t<\/div>\n\t\t<\/div>\n\t\t\t\t\t<\/div>\n\t\t<\/section>\n\t\t\t\t<\/div>\n\t\t","protected":false},"excerpt":{"rendered":"<p>Le programme Avenir Jeunesse, d\u2019une dur\u00e9e de six mois, est offert gratuitement gr\u00e2ce \u00e0 la contribution financi\u00e8re et en nature de nombreux partenaires\u00a0: gouvernements, entreprises locales, \u00e9tablissements d\u2019enseignement postsecondaire, donateurs, commanditaires,\u00a0etc. Envisagez de contribuer au programme et de changer la vie de jeunes de notre communaut\u00e9. Voici les besoins que nous cherchons \u00e0 combler en [&hellip;]<\/p>\n","protected":false},"author":1,"featured_media":0,"parent":885,"menu_order":0,"comment_status":"closed","ping_status":"closed","template":"","meta":{"footnotes":""},"class_list":["post-895","page","type-page","status-publish","hentry"],"_links":{"self":[{"href":"https:\/\/youth-futures.com\/fr\/wp-json\/wp\/v2\/pages\/895","targetHints":{"allow":["GET"]}}],"collection":[{"href":"https:\/\/youth-futures.com\/fr\/wp-json\/wp\/v2\/pages"}],"about":[{"href":"https:\/\/youth-futures.com\/fr\/wp-json\/wp\/v2\/types\/page"}],"author":[{"embeddable":true,"href":"https:\/\/youth-futures.com\/fr\/wp-json\/wp\/v2\/users\/1"}],"replies":[{"embeddable":true,"href":"https:\/\/youth-futures.com\/fr\/wp-json\/wp\/v2\/comments?post=895"}],"version-history":[{"count":9,"href":"https:\/\/youth-futures.com\/fr\/wp-json\/wp\/v2\/pages\/895\/revisions"}],"predecessor-version":[{"id":1577,"href":"https:\/\/youth-futures.com\/fr\/wp-json\/wp\/v2\/pages\/895\/revisions\/1577"}],"up":[{"embeddable":true,"href":"https:\/\/youth-futures.com\/fr\/wp-json\/wp\/v2\/pages\/885"}],"wp:attachment":[{"href":"https:\/\/youth-futures.com\/fr\/wp-json\/wp\/v2\/media?parent=895"}],"curies":[{"name":"wp","href":"https:\/\/api.w.org\/{rel}","templated":true}]}}