{"id":898,"date":"2022-02-16T19:47:44","date_gmt":"2022-02-17T00:47:44","guid":{"rendered":"https:\/\/youth-futures.com\/programme\/partenaires\/"},"modified":"2026-01-14T13:15:41","modified_gmt":"2026-01-14T18:15:41","slug":"partenaires","status":"publish","type":"page","link":"https:\/\/youth-futures.com\/fr\/programme\/partenaires\/","title":{"rendered":"Partenaires"},"content":{"rendered":"\t\t<div data-elementor-type=\"wp-post\" data-elementor-id=\"898\" class=\"elementor elementor-898 elementor-430\" data-elementor-post-type=\"page\">\n\t\t\t\t\t\t<section class=\"elementor-section elementor-top-section elementor-element elementor-element-382685ca elementor-section-full_width elementor-section-height-min-height elementor-section-height-default elementor-section-items-middle\" data-id=\"382685ca\" data-element_type=\"section\" data-settings=\"{&quot;background_background&quot;:&quot;classic&quot;}\">\n\t\t\t\t\t\t<div class=\"elementor-container elementor-column-gap-no\">\n\t\t\t\t\t<div class=\"elementor-column elementor-col-50 elementor-top-column elementor-element elementor-element-229e9737\" data-id=\"229e9737\" data-element_type=\"column\" data-settings=\"{&quot;background_background&quot;:&quot;classic&quot;}\">\n\t\t\t<div class=\"elementor-widget-wrap elementor-element-populated\">\n\t\t\t\t\t\t<div class=\"elementor-element elementor-element-d627226 elementor-widget elementor-widget-heading\" data-id=\"d627226\" data-element_type=\"widget\" data-widget_type=\"heading.default\">\n\t\t\t\t<div class=\"elementor-widget-container\">\n\t\t\t<h2 class=\"elementor-heading-title elementor-size-default\">Partenaires<\/h2>\t\t<\/div>\n\t\t\t\t<\/div>\n\t\t\t\t\t<\/div>\n\t\t<\/div>\n\t\t\t\t<div class=\"elementor-column elementor-col-50 elementor-top-column elementor-element elementor-element-1c00db0f\" data-id=\"1c00db0f\" data-element_type=\"column\" data-settings=\"{&quot;background_background&quot;:&quot;classic&quot;}\">\n\t\t\t<div class=\"elementor-widget-wrap elementor-element-populated\">\n\t\t\t\t\t\t<div class=\"elementor-element elementor-element-4a74443 elementor-widget elementor-widget-image\" data-id=\"4a74443\" data-element_type=\"widget\" data-widget_type=\"image.default\">\n\t\t\t\t<div class=\"elementor-widget-container\">\n\t\t\t\t\t\t\t\t\t\t\t\t\t<img fetchpriority=\"high\" decoding=\"async\" width=\"800\" height=\"534\" src=\"https:\/\/youth-futures.com\/wp-content\/uploads\/2025\/09\/DSC06833-1-1024x683.jpg\" class=\"attachment-large size-large wp-image-1514\" alt=\"\" srcset=\"https:\/\/youth-futures.com\/wp-content\/uploads\/2025\/09\/DSC06833-1-1024x683.jpg 1024w, https:\/\/youth-futures.com\/wp-content\/uploads\/2025\/09\/DSC06833-1-300x200.jpg 300w, https:\/\/youth-futures.com\/wp-content\/uploads\/2025\/09\/DSC06833-1-768x512.jpg 768w, https:\/\/youth-futures.com\/wp-content\/uploads\/2025\/09\/DSC06833-1-1536x1024.jpg 1536w, https:\/\/youth-futures.com\/wp-content\/uploads\/2025\/09\/DSC06833-1-2048x1365.jpg 2048w\" sizes=\"(max-width: 800px) 100vw, 800px\" \/>\t\t\t\t\t\t\t\t\t\t\t\t\t<\/div>\n\t\t\t\t<\/div>\n\t\t\t\t\t<\/div>\n\t\t<\/div>\n\t\t\t\t\t<\/div>\n\t\t<\/section>\n\t\t\t\t<section class=\"elementor-section elementor-top-section elementor-element elementor-element-1570077 elementor-section-boxed elementor-section-height-default elementor-section-height-default\" data-id=\"1570077\" data-element_type=\"section\">\n\t\t\t\t\t\t<div class=\"elementor-container elementor-column-gap-no\">\n\t\t\t\t\t<div class=\"elementor-column elementor-col-100 elementor-top-column elementor-element elementor-element-62e968a5\" data-id=\"62e968a5\" data-element_type=\"column\">\n\t\t\t<div class=\"elementor-widget-wrap elementor-element-populated\">\n\t\t\t\t\t\t<div class=\"elementor-element elementor-element-4c0a7b73 elementor-widget elementor-widget-text-editor\" data-id=\"4c0a7b73\" data-element_type=\"widget\" data-widget_type=\"text-editor.default\">\n\t\t\t\t<div class=\"elementor-widget-container\">\n\t\t\t\t\t\t\t<p class=\"p1\">Chapeaut\u00e9 par la Ville d\u2019Ottawa, le programme Avenir Jeunesse est administr\u00e9 en collaboration avec le Club des gar\u00e7ons et filles d\u2019Ottawa et la Fondation de logement communautaire d\u2019Ottawa (LCO). Ceux-ci ont un mandat semblable, c\u2019est-\u00e0-dire \u00e9liminer les obstacles et att\u00e9nuer les effets de la pauvret\u00e9 et des in\u00e9galit\u00e9s subies par les personnes les plus vuln\u00e9rables d\u2019Ottawa.<\/p>\n\t\t\t\t\t\t<\/div>\n\t\t\t\t<\/div>\n\t\t\t\t<section class=\"elementor-section elementor-inner-section elementor-element elementor-element-d051b91 elementor-section-content-bottom elementor-section-full_width elementor-section-height-default elementor-section-height-default\" data-id=\"d051b91\" data-element_type=\"section\">\n\t\t\t\t\t\t<div class=\"elementor-container elementor-column-gap-custom\">\n\t\t\t\t\t<div class=\"elementor-column elementor-col-100 elementor-inner-column elementor-element elementor-element-e590173\" data-id=\"e590173\" data-element_type=\"column\">\n\t\t\t<div class=\"elementor-widget-wrap elementor-element-populated\">\n\t\t\t\t\t\t<div class=\"elementor-element elementor-element-f302c38 elementor-widget__width-auto elementor-widget elementor-widget-image\" data-id=\"f302c38\" data-element_type=\"widget\" data-widget_type=\"image.default\">\n\t\t\t\t<div class=\"elementor-widget-container\">\n\t\t\t\t\t\t\t\t\t\t\t\t\t<img decoding=\"async\" width=\"800\" height=\"340\" src=\"https:\/\/youth-futures.com\/wp-content\/uploads\/2022\/02\/OCHF-Logo-Horizontal-bil-col-1024x435.png\" class=\"attachment-large size-large wp-image-560\" alt=\"\" srcset=\"https:\/\/youth-futures.com\/wp-content\/uploads\/2022\/02\/OCHF-Logo-Horizontal-bil-col-1024x435.png 1024w, https:\/\/youth-futures.com\/wp-content\/uploads\/2022\/02\/OCHF-Logo-Horizontal-bil-col-300x127.png 300w, https:\/\/youth-futures.com\/wp-content\/uploads\/2022\/02\/OCHF-Logo-Horizontal-bil-col-768x326.png 768w, https:\/\/youth-futures.com\/wp-content\/uploads\/2022\/02\/OCHF-Logo-Horizontal-bil-col-1536x652.png 1536w, https:\/\/youth-futures.com\/wp-content\/uploads\/2022\/02\/OCHF-Logo-Horizontal-bil-col.png 1700w\" sizes=\"(max-width: 800px) 100vw, 800px\" \/>\t\t\t\t\t\t\t\t\t\t\t\t\t<\/div>\n\t\t\t\t<\/div>\n\t\t\t\t<div class=\"elementor-element elementor-element-7e69f0d elementor-widget__width-auto elementor-widget elementor-widget-image\" data-id=\"7e69f0d\" data-element_type=\"widget\" data-widget_type=\"image.default\">\n\t\t\t\t<div class=\"elementor-widget-container\">\n\t\t\t\t\t\t\t\t\t\t\t\t\t<img decoding=\"async\" width=\"600\" height=\"255\" src=\"https:\/\/youth-futures.com\/wp-content\/uploads\/2022\/03\/ottawalogo.png\" class=\"attachment-large size-large wp-image-752\" alt=\"\" srcset=\"https:\/\/youth-futures.com\/wp-content\/uploads\/2022\/03\/ottawalogo.png 600w, https:\/\/youth-futures.com\/wp-content\/uploads\/2022\/03\/ottawalogo-300x128.png 300w\" sizes=\"(max-width: 600px) 100vw, 600px\" \/>\t\t\t\t\t\t\t\t\t\t\t\t\t<\/div>\n\t\t\t\t<\/div>\n\t\t\t\t<div class=\"elementor-element elementor-element-847e2e1 elementor-widget__width-auto elementor-widget elementor-widget-image\" data-id=\"847e2e1\" data-element_type=\"widget\" data-widget_type=\"image.default\">\n\t\t\t\t<div class=\"elementor-widget-container\">\n\t\t\t\t\t\t\t\t\t\t\t\t\t<img loading=\"lazy\" decoding=\"async\" width=\"300\" height=\"76\" src=\"https:\/\/youth-futures.com\/wp-content\/uploads\/2022\/02\/BGC_Ottawa_Web_ColourBlue_Horizontal-300x76.png\" class=\"attachment-medium size-medium wp-image-555\" alt=\"\" srcset=\"https:\/\/youth-futures.com\/wp-content\/uploads\/2022\/02\/BGC_Ottawa_Web_ColourBlue_Horizontal-300x76.png 300w, https:\/\/youth-futures.com\/wp-content\/uploads\/2022\/02\/BGC_Ottawa_Web_ColourBlue_Horizontal.png 617w\" sizes=\"(max-width: 300px) 100vw, 300px\" \/>\t\t\t\t\t\t\t\t\t\t\t\t\t<\/div>\n\t\t\t\t<\/div>\n\t\t\t\t\t<\/div>\n\t\t<\/div>\n\t\t\t\t\t<\/div>\n\t\t<\/section>\n\t\t\t\t<div class=\"elementor-element elementor-element-a440fda elementor-widget elementor-widget-text-editor\" data-id=\"a440fda\" data-element_type=\"widget\" data-widget_type=\"text-editor.default\">\n\t\t\t\t<div class=\"elementor-widget-container\">\n\t\t\t\t\t\t\t<p class=\"p1\">Le programme Avenir Jeunesse met de l\u2019avant une approche communautaire au soutien aux jeunes d\u2019Ottawa en qu\u00eate d\u2019\u00e9quit\u00e9 dans leurs \u00e9tudes et leur carri\u00e8re. Pour atteindre nos objectifs, nous comptons sur le soutien et la collaboration de leaders de la collectivit\u00e9, du gouvernement, d\u2019organismes locaux, de fondations, de donateurs du secteur priv\u00e9, d\u2019\u00e9tablissements d\u2019enseignement et du milieu des affaires.<\/p>\n\t\t\t\t\t\t<\/div>\n\t\t\t\t<\/div>\n\t\t\t\t<div class=\"elementor-element elementor-element-179b5260 elementor-widget elementor-widget-text-editor\" data-id=\"179b5260\" data-element_type=\"widget\" data-widget_type=\"text-editor.default\">\n\t\t\t\t<div class=\"elementor-widget-container\">\n\t\t\t\t\t\t\t<h3 class=\"p1\"><strong>\u00c9tablissements d\u2019enseignement postsecondaire partenaires<\/strong><\/h3>\n\t\t\t\t\t\t<\/div>\n\t\t\t\t<\/div>\n\t\t\t\t<div class=\"elementor-element elementor-element-d543f67 elementor-widget__width-auto elementor-widget-mobile__width-inherit elementor-widget elementor-widget-image\" data-id=\"d543f67\" data-element_type=\"widget\" data-widget_type=\"image.default\">\n\t\t\t\t<div class=\"elementor-widget-container\">\n\t\t\t\t\t\t\t\t\t\t\t\t\t<img decoding=\"async\" src=\"https:\/\/youth-futures.com\/wp-content\/uploads\/elementor\/thumbs\/Uottawa-r1d36ytptphyd8oi7k6f2h3qs12z2l8mgtm6p4ufhu.png\" title=\"Uottawa\" alt=\"Uottawa\" loading=\"lazy\" \/>\t\t\t\t\t\t\t\t\t\t\t\t\t<\/div>\n\t\t\t\t<\/div>\n\t\t\t\t<div class=\"elementor-element elementor-element-74b8dc6 elementor-widget__width-auto elementor-widget-mobile__width-inherit elementor-widget elementor-widget-image\" data-id=\"74b8dc6\" data-element_type=\"widget\" data-widget_type=\"image.default\">\n\t\t\t\t<div class=\"elementor-widget-container\">\n\t\t\t\t\t\t\t\t\t\t\t\t\t<img decoding=\"async\" src=\"https:\/\/youth-futures.com\/wp-content\/uploads\/elementor\/thumbs\/Carleton-r1d36ytrac0zqxnuaysvd8prk7zvxmq2esizn9l4d4.png\" title=\"Carleton\" alt=\"Carleton\" loading=\"lazy\" \/>\t\t\t\t\t\t\t\t\t\t\t\t\t<\/div>\n\t\t\t\t<\/div>\n\t\t\t\t<div class=\"elementor-element elementor-element-cb4bdab elementor-widget__width-auto elementor-widget-mobile__width-inherit elementor-widget elementor-widget-image\" data-id=\"cb4bdab\" data-element_type=\"widget\" data-widget_type=\"image.default\">\n\t\t\t\t<div class=\"elementor-widget-container\">\n\t\t\t\t\t\t\t\t\t\t\t\t\t<img decoding=\"async\" src=\"https:\/\/youth-futures.com\/wp-content\/uploads\/elementor\/thumbs\/La-Cite-1-r1d36ytqssinadc29txdxnifatowza893gw1zw07wy.png\" title=\"La Cite (1)\" alt=\"La Cite (1)\" loading=\"lazy\" \/>\t\t\t\t\t\t\t\t\t\t\t\t\t<\/div>\n\t\t\t\t<\/div>\n\t\t\t\t<div class=\"elementor-element elementor-element-ee9bb78 elementor-widget__width-auto elementor-widget-mobile__width-inherit elementor-widget elementor-widget-image\" data-id=\"ee9bb78\" data-element_type=\"widget\" data-widget_type=\"image.default\">\n\t\t\t\t<div class=\"elementor-widget-container\">\n\t\t\t\t\t\t\t\t\t\t\t\t\t<img decoding=\"async\" src=\"https:\/\/youth-futures.com\/wp-content\/uploads\/elementor\/thumbs\/Algonquin-r1d36ytrac0zqxnuaysvd8prk7zvxmq2esizn9l4b6.png\" title=\"Algonquin\" alt=\"Algonquin\" loading=\"lazy\" \/>\t\t\t\t\t\t\t\t\t\t\t\t\t<\/div>\n\t\t\t\t<\/div>\n\t\t\t\t<div class=\"elementor-element elementor-element-786835c elementor-widget__width-auto elementor-widget-mobile__width-inherit elementor-widget elementor-widget-image\" data-id=\"786835c\" data-element_type=\"widget\" data-widget_type=\"image.default\">\n\t\t\t\t<div class=\"elementor-widget-container\">\n\t\t\t\t\t\t\t\t\t\t\t\t\t<img decoding=\"async\" src=\"https:\/\/youth-futures.com\/wp-content\/uploads\/elementor\/thumbs\/st-pauls-r1d36ytrac0zqxnuaysvd8prk7zvxmq2esizn9l4k2.png\" title=\"st pauls\" alt=\"st pauls\" loading=\"lazy\" \/>\t\t\t\t\t\t\t\t\t\t\t\t\t<\/div>\n\t\t\t\t<\/div>\n\t\t\t\t<div class=\"elementor-element elementor-element-1767b08 elementor-widget elementor-widget-text-editor\" data-id=\"1767b08\" data-element_type=\"widget\" data-widget_type=\"text-editor.default\">\n\t\t\t\t<div class=\"elementor-widget-container\">\n\t\t\t\t\t\t\t<h3 class=\"p1\"><b>Commanditaires<\/b><\/h3>\n\t\t\t\t\t\t<\/div>\n\t\t\t\t<\/div>\n\t\t\t\t<div class=\"elementor-element elementor-element-89dbc94 elementor-widget__width-auto elementor-widget elementor-widget-image\" data-id=\"89dbc94\" data-element_type=\"widget\" data-widget_type=\"image.default\">\n\t\t\t\t<div class=\"elementor-widget-container\">\n\t\t\t\t\t\t\t\t\t\t\t\t\t<img decoding=\"async\" src=\"https:\/\/youth-futures.com\/wp-content\/uploads\/elementor\/thumbs\/RBC_FutureLaunch_R_rgb_PE-1-r1d36ytt8i2dl6yyfiat3lj4lt7rr0pbo32q8rwpy0.png\" title=\"RBC_FutureLaunch_R_rgb_PE-1\" alt=\"RBC_FutureLaunch_R_rgb_PE-1\" loading=\"lazy\" \/>\t\t\t\t\t\t\t\t\t\t\t\t\t<\/div>\n\t\t\t\t<\/div>\n\t\t\t\t<div class=\"elementor-element elementor-element-abafb3a elementor-widget__width-auto elementor-widget elementor-widget-image\" data-id=\"abafb3a\" data-element_type=\"widget\" data-widget_type=\"image.default\">\n\t\t\t\t<div class=\"elementor-widget-container\">\n\t\t\t\t\t\t\t\t\t\t\t\t\t<img decoding=\"async\" src=\"https:\/\/youth-futures.com\/wp-content\/uploads\/elementor\/thumbs\/Catapult-Tagline_logo_POS_4C-scaled-r1d36ytr1k9tinhyaed4ng43fiueggh5r4pitksoe2.jpg\" title=\"Catapult-Tagline_logo_POS_4C\" alt=\"Catapult-Tagline_logo_POS_4C\" loading=\"lazy\" \/>\t\t\t\t\t\t\t\t\t\t\t\t\t<\/div>\n\t\t\t\t<\/div>\n\t\t\t\t<div class=\"elementor-element elementor-element-e1e80ee elementor-widget elementor-widget-text-editor\" data-id=\"e1e80ee\" data-element_type=\"widget\" data-widget_type=\"text-editor.default\">\n\t\t\t\t<div class=\"elementor-widget-container\">\n\t\t\t\t\t\t\t<h3 class=\"p1\"><b>Employeurs et partenaires communautaires<\/b><\/h3>\n<ul>\n<li><span style=\"font-size: 15pt;\">Algonquin College\u00a0<\/span><\/li>\n<li><span style=\"font-size: 15pt;\">BGC Ottawa<\/span><\/li>\n<li><span style=\"font-size: 15pt;\">Borden Ladner Gervais LLP\u00a0<\/span><\/li>\n<li><span style=\"font-size: 15pt;\">Catholic Centre for Immigrants<\/span><\/li>\n<li><span style=\"font-size: 15pt;\">City of Ottawa \/ Ville d&rsquo;Ottawa<\/span><\/li>\n<li><span style=\"font-size: 15pt;\">Coll\u00e8ge La Cit\u00e9<\/span><\/li>\n<li><span style=\"font-size: 15pt;\">Digital Arts Resource Centre\u00a0<\/span><\/li>\n<li><span style=\"font-size: 15pt;\">Emond Harnden LLP<\/span><\/li>\n<li><span style=\"font-size: 15pt;\">Gowling WLG<\/span><\/li>\n<li><span style=\"font-size: 15pt;\">Ingenium \u2013 Canada\u2019s Museums of Science and Innovation<\/span><\/li>\n<li><span style=\"font-size: 15pt;\">La Maison de la Francophonie<\/span><\/li>\n<li><span style=\"font-size: 15pt; background-image: initial; background-position: initial; background-size: initial; background-repeat: initial; background-attachment: initial; background-origin: initial; background-clip: initial;\">Lowertown Community Resource Centre<\/span><\/li>\n<li><span style=\"font-size: 15pt;\">Ottawa Art Gallery (OAG) \/ Galerie d\u2019art d\u2019Ottawa<\/span><\/li>\n<li><span style=\"font-size: 15pt;\">Ottawa Community Housing \/ La Soci\u00e9t\u00e9 de logement communautaire d\u2019Ottawa (LCO)\u00a0<\/span><\/li>\n<li><span style=\"font-size: 15pt;\">OCH Foundation \/ Fondation LCO<\/span><\/li>\n<li><span style=\"font-size: 15pt;\">Prezdential Ottawa<\/span><\/li>\n<li><span style=\"font-size: 15pt;\">Rideau Rockcliffe Community Resource Centre<\/span><\/li>\n<li><span style=\"font-size: 15pt;\">Restore Medical Clinics<\/span><\/li>\n<li><span style=\"font-size: 15pt;\">Sandy Hill Community Health Centre \/ Strathcona Heights Community House<\/span><\/li>\n<li><span style=\"font-size: 15pt;\">Somali Centre for Family Services<\/span><\/li>\n<li><span style=\"font-size: 15pt;\">Vanier Community Service Centre<\/span><\/li>\n<li><span style=\"font-size: 15pt;\">YMCA\/YWCA<\/span><\/li>\n<\/ul>\n\t\t\t\t\t\t<\/div>\n\t\t\t\t<\/div>\n\t\t\t\t\t<\/div>\n\t\t<\/div>\n\t\t\t\t\t<\/div>\n\t\t<\/section>\n\t\t\t\t<\/div>\n\t\t","protected":false},"excerpt":{"rendered":"<p>Chapeaut\u00e9 par la Ville d\u2019Ottawa, le programme Avenir Jeunesse est administr\u00e9 en collaboration avec le Club des gar\u00e7ons et filles d\u2019Ottawa et la Fondation de logement communautaire d\u2019Ottawa (LCO). Ceux-ci ont un mandat semblable, c\u2019est-\u00e0-dire \u00e9liminer les obstacles et att\u00e9nuer les effets de la pauvret\u00e9 et des in\u00e9galit\u00e9s subies par les personnes les plus vuln\u00e9rables [&hellip;]<\/p>\n","protected":false},"author":1,"featured_media":0,"parent":803,"menu_order":0,"comment_status":"closed","ping_status":"closed","template":"","meta":{"footnotes":""},"class_list":["post-898","page","type-page","status-publish","hentry"],"_links":{"self":[{"href":"https:\/\/youth-futures.com\/fr\/wp-json\/wp\/v2\/pages\/898","targetHints":{"allow":["GET"]}}],"collection":[{"href":"https:\/\/youth-futures.com\/fr\/wp-json\/wp\/v2\/pages"}],"about":[{"href":"https:\/\/youth-futures.com\/fr\/wp-json\/wp\/v2\/types\/page"}],"author":[{"embeddable":true,"href":"https:\/\/youth-futures.com\/fr\/wp-json\/wp\/v2\/users\/1"}],"replies":[{"embeddable":true,"href":"https:\/\/youth-futures.com\/fr\/wp-json\/wp\/v2\/comments?post=898"}],"version-history":[{"count":14,"href":"https:\/\/youth-futures.com\/fr\/wp-json\/wp\/v2\/pages\/898\/revisions"}],"predecessor-version":[{"id":1681,"href":"https:\/\/youth-futures.com\/fr\/wp-json\/wp\/v2\/pages\/898\/revisions\/1681"}],"up":[{"embeddable":true,"href":"https:\/\/youth-futures.com\/fr\/wp-json\/wp\/v2\/pages\/803"}],"wp:attachment":[{"href":"https:\/\/youth-futures.com\/fr\/wp-json\/wp\/v2\/media?parent=898"}],"curies":[{"name":"wp","href":"https:\/\/api.w.org\/{rel}","templated":true}]}}