{"id":904,"date":"2022-02-16T18:50:10","date_gmt":"2022-02-16T23:50:10","guid":{"rendered":"https:\/\/youth-futures.com\/programme\/exigences\/"},"modified":"2025-11-28T09:59:44","modified_gmt":"2025-11-28T14:59:44","slug":"exigences","status":"publish","type":"page","link":"https:\/\/youth-futures.com\/fr\/programme\/exigences\/","title":{"rendered":"Exigences"},"content":{"rendered":"\t\t<div data-elementor-type=\"wp-page\" data-elementor-id=\"904\" class=\"elementor elementor-904 elementor-404\" data-elementor-post-type=\"page\">\n\t\t\t\t\t\t<section class=\"elementor-section elementor-top-section elementor-element elementor-element-4fdda43e elementor-section-full_width elementor-section-height-min-height elementor-section-height-default elementor-section-items-middle\" data-id=\"4fdda43e\" data-element_type=\"section\" data-settings=\"{&quot;background_background&quot;:&quot;classic&quot;}\">\n\t\t\t\t\t\t<div class=\"elementor-container elementor-column-gap-no\">\n\t\t\t\t\t<div class=\"elementor-column elementor-col-50 elementor-top-column elementor-element elementor-element-358ab068\" data-id=\"358ab068\" data-element_type=\"column\" data-settings=\"{&quot;background_background&quot;:&quot;classic&quot;}\">\n\t\t\t<div class=\"elementor-widget-wrap elementor-element-populated\">\n\t\t\t\t\t\t<div class=\"elementor-element elementor-element-294d3105 elementor-widget elementor-widget-heading\" data-id=\"294d3105\" data-element_type=\"widget\" data-widget_type=\"heading.default\">\n\t\t\t\t<div class=\"elementor-widget-container\">\n\t\t\t<h2 class=\"elementor-heading-title elementor-size-default\">Exigences<\/h2>\t\t<\/div>\n\t\t\t\t<\/div>\n\t\t\t\t\t<\/div>\n\t\t<\/div>\n\t\t\t\t<div class=\"elementor-column elementor-col-50 elementor-top-column elementor-element elementor-element-297071f5\" data-id=\"297071f5\" data-element_type=\"column\" data-settings=\"{&quot;background_background&quot;:&quot;classic&quot;}\">\n\t\t\t<div class=\"elementor-widget-wrap elementor-element-populated\">\n\t\t\t\t\t\t<div class=\"elementor-element elementor-element-e78223b elementor-widget elementor-widget-image\" data-id=\"e78223b\" data-element_type=\"widget\" data-widget_type=\"image.default\">\n\t\t\t\t<div class=\"elementor-widget-container\">\n\t\t\t\t\t\t\t\t\t\t\t\t\t<img fetchpriority=\"high\" decoding=\"async\" width=\"800\" height=\"534\" src=\"https:\/\/youth-futures.com\/wp-content\/uploads\/2025\/11\/Youth-Future-21-1024x683.jpg\" class=\"attachment-large size-large wp-image-1657\" alt=\"\" srcset=\"https:\/\/youth-futures.com\/wp-content\/uploads\/2025\/11\/Youth-Future-21-1024x683.jpg 1024w, https:\/\/youth-futures.com\/wp-content\/uploads\/2025\/11\/Youth-Future-21-300x200.jpg 300w, https:\/\/youth-futures.com\/wp-content\/uploads\/2025\/11\/Youth-Future-21-768x513.jpg 768w, https:\/\/youth-futures.com\/wp-content\/uploads\/2025\/11\/Youth-Future-21-1536x1025.jpg 1536w, https:\/\/youth-futures.com\/wp-content\/uploads\/2025\/11\/Youth-Future-21-2048x1367.jpg 2048w\" sizes=\"(max-width: 800px) 100vw, 800px\" \/>\t\t\t\t\t\t\t\t\t\t\t\t\t<\/div>\n\t\t\t\t<\/div>\n\t\t\t\t\t<\/div>\n\t\t<\/div>\n\t\t\t\t\t<\/div>\n\t\t<\/section>\n\t\t\t\t<section class=\"elementor-section elementor-top-section elementor-element elementor-element-5ffa8b5d elementor-section-boxed elementor-section-height-default elementor-section-height-default\" data-id=\"5ffa8b5d\" data-element_type=\"section\">\n\t\t\t\t\t\t<div class=\"elementor-container elementor-column-gap-no\">\n\t\t\t\t\t<div class=\"elementor-column elementor-col-100 elementor-top-column elementor-element elementor-element-61069635\" data-id=\"61069635\" data-element_type=\"column\">\n\t\t\t<div class=\"elementor-widget-wrap elementor-element-populated\">\n\t\t\t\t\t\t<div class=\"elementor-element elementor-element-22922fe elementor-widget elementor-widget-text-editor\" data-id=\"22922fe\" data-element_type=\"widget\" data-widget_type=\"text-editor.default\">\n\t\t\t\t<div class=\"elementor-widget-container\">\n\t\t\t\t\t\t\t<h3>Si vous avez entre 16 et 21 ans,\r\nque vous fr\u00e9quentez activement le lyc\u00e9e et que vous \u00eates int\u00e9ress\u00e9 par :<\/h3>\r\n<ul>\r\n \t<li>Acqu\u00e9rir ou am\u00e9liorer vos comp\u00e9tences en leadership, en communication et en r\u00e9solution de conflits<\/li>\r\n \t<li>Acqu\u00e9rir de nouvelles comp\u00e9tences professionnelles et des opportunit\u00e9s de r\u00e9seautage<\/li>\r\n \t<li>Am\u00e9liorer vos perspectives d&rsquo;\u00e9tudes sup\u00e9rieures et d&#8217;emploi<\/li>\r\n \t<li>B\u00e9n\u00e9ficier des conseils et du soutien de mentors qui poursuivent des \u00e9tudes sup\u00e9rieures<\/li>\r\n \t<li>Vous amuser, vous faire de nouveaux amis et vous rapprocher de votre communaut\u00e9<\/li>\r\n \t<li>\u00c9liminer les obstacles et r\u00e9ussir votre transition vers l&rsquo;enseignement sup\u00e9rieur<\/li>\r\n<\/ul>\r\n<h3>Alors pensez \u00e0 postuler \u00e0 l&rsquo;Avenir Jeunesse. Pour \u00eatre \u00e9ligibles, les candidats doivent fournir une preuve et remplir les conditions suivantes :<\/h3>\r\n<ul>\r\n \t<li aria-setsize=\"-1\" data-leveltext=\"\uf0b7\" data-font=\"Symbol\" data-listid=\"10\" data-list-defn-props=\"{&quot;335552541&quot;:1,&quot;335559685&quot;:720,&quot;335559991&quot;:360,&quot;469769226&quot;:&quot;Symbol&quot;,&quot;469769242&quot;:[8226],&quot;469777803&quot;:&quot;left&quot;,&quot;469777804&quot;:&quot;\uf0b7&quot;,&quot;469777815&quot;:&quot;multilevel&quot;}\" data-aria-posinset=\"1\" data-aria-level=\"1\">\u00e2g\u00e9 de 16 \u00e0 21 ans<\/li>\r\n \t<li aria-setsize=\"-1\" data-leveltext=\"\uf0b7\" data-font=\"Symbol\" data-listid=\"10\" data-list-defn-props=\"{&quot;335552541&quot;:1,&quot;335559685&quot;:720,&quot;335559991&quot;:360,&quot;469769226&quot;:&quot;Symbol&quot;,&quot;469769242&quot;:[8226],&quot;469777803&quot;:&quot;left&quot;,&quot;469777804&quot;:&quot;\uf0b7&quot;,&quot;469777815&quot;:&quot;multilevel&quot;}\" data-aria-posinset=\"1\" data-aria-level=\"1\">fr\u00e9quentant activement l&rsquo;\u00e9cole secondaire<\/li>\r\n \t<li aria-setsize=\"-1\" data-leveltext=\"\uf0b7\" data-font=\"Symbol\" data-listid=\"10\" data-list-defn-props=\"{&quot;335552541&quot;:1,&quot;335559685&quot;:720,&quot;335559991&quot;:360,&quot;469769226&quot;:&quot;Symbol&quot;,&quot;469769242&quot;:[8226],&quot;469777803&quot;:&quot;left&quot;,&quot;469777804&quot;:&quot;\uf0b7&quot;,&quot;469777815&quot;:&quot;multilevel&quot;}\" data-aria-posinset=\"1\" data-aria-level=\"1\">r\u00e9sidant en Ontario (preuve d&rsquo;adresse requise)<\/li>\r\n \t<li aria-setsize=\"-1\" data-leveltext=\"\uf0b7\" data-font=\"Symbol\" data-listid=\"10\" data-list-defn-props=\"{&quot;335552541&quot;:1,&quot;335559685&quot;:720,&quot;335559991&quot;:360,&quot;469769226&quot;:&quot;Symbol&quot;,&quot;469769242&quot;:[8226],&quot;469777803&quot;:&quot;left&quot;,&quot;469777804&quot;:&quot;\uf0b7&quot;,&quot;469777815&quot;:&quot;multilevel&quot;}\" data-aria-posinset=\"1\" data-aria-level=\"1\">issu d&rsquo;une communaut\u00e9 m\u00e9ritante et d&rsquo;un quartier prioritaire<\/li>\r\n \t<li aria-setsize=\"-1\" data-leveltext=\"\uf0b7\" data-font=\"Symbol\" data-listid=\"10\" data-list-defn-props=\"{&quot;335552541&quot;:1,&quot;335559685&quot;:720,&quot;335559991&quot;:360,&quot;469769226&quot;:&quot;Symbol&quot;,&quot;469769242&quot;:[8226],&quot;469777803&quot;:&quot;left&quot;,&quot;469777804&quot;:&quot;\uf0b7&quot;,&quot;469777815&quot;:&quot;multilevel&quot;}\" data-aria-posinset=\"1\" data-aria-level=\"1\">manifestant un int\u00e9r\u00eat pour les \u00e9tudes postsecondaires<\/li>\r\n \t<li aria-setsize=\"-1\" data-leveltext=\"\uf0b7\" data-font=\"Symbol\" data-listid=\"10\" data-list-defn-props=\"{&quot;335552541&quot;:1,&quot;335559685&quot;:720,&quot;335559991&quot;:360,&quot;469769226&quot;:&quot;Symbol&quot;,&quot;469769242&quot;:[8226],&quot;469777803&quot;:&quot;left&quot;,&quot;469777804&quot;:&quot;\uf0b7&quot;,&quot;469777815&quot;:&quot;multilevel&quot;}\" data-aria-posinset=\"1\" data-aria-level=\"1\">admissible \u00e0 travailler au Canada<\/li>\r\n \t<li aria-setsize=\"-1\" data-leveltext=\"\uf0b7\" data-font=\"Symbol\" data-listid=\"10\" data-list-defn-props=\"{&quot;335552541&quot;:1,&quot;335559685&quot;:720,&quot;335559991&quot;:360,&quot;469769226&quot;:&quot;Symbol&quot;,&quot;469769242&quot;:[8226],&quot;469777803&quot;:&quot;left&quot;,&quot;469777804&quot;:&quot;\uf0b7&quot;,&quot;469777815&quot;:&quot;multilevel&quot;}\" data-aria-posinset=\"1\" data-aria-level=\"1\">poss\u00e9dant un num\u00e9ro d&rsquo;assurance sociale<\/li>\r\n \t<li aria-setsize=\"-1\" data-leveltext=\"\uf0b7\" data-font=\"Symbol\" data-listid=\"10\" data-list-defn-props=\"{&quot;335552541&quot;:1,&quot;335559685&quot;:720,&quot;335559991&quot;:360,&quot;469769226&quot;:&quot;Symbol&quot;,&quot;469769242&quot;:[8226],&quot;469777803&quot;:&quot;left&quot;,&quot;469777804&quot;:&quot;\uf0b7&quot;,&quot;469777815&quot;:&quot;multilevel&quot;}\" data-aria-posinset=\"1\" data-aria-level=\"1\">deux pi\u00e8ces d&rsquo;identit\u00e9 valides d\u00e9livr\u00e9es par le gouvernement, dont une avec photo<\/li>\r\n<\/ul>\r\n<table style=\"font-weight: 400;\" data-tablestyle=\"MsoTableGrid\" data-tablelook=\"1184\" aria-rowcount=\"2\">\r\n<tbody>\r\n<tr aria-rowindex=\"1\">\r\n<td data-celllook=\"0\">Exemples de pi\u00e8ces d&rsquo;identit\u00e9 avec photo<\/td>\r\n<td data-celllook=\"0\">Exemples de pi\u00e8ces d&rsquo;identit\u00e9 non photographiques<\/td>\r\n<\/tr>\r\n<tr aria-rowindex=\"2\">\r\n<td data-celllook=\"0\">\r\n<ul>\r\n \t<li aria-setsize=\"-1\" data-leveltext=\"o\" data-font=\"Courier New\" data-listid=\"1\" data-list-defn-props=\"{&quot;335552541&quot;:1,&quot;335559685&quot;:1440,&quot;335559991&quot;:360,&quot;469769226&quot;:&quot;Courier New&quot;,&quot;469769242&quot;:[9675],&quot;469777803&quot;:&quot;left&quot;,&quot;469777804&quot;:&quot;o&quot;,&quot;469777815&quot;:&quot;hybridMultilevel&quot;}\" data-aria-posinset=\"1\" data-aria-level=\"2\">Passeport (les passeports canadiens et \u00e9trangers sont accept\u00e9s)<\/li>\r\n \t<li aria-setsize=\"-1\" data-leveltext=\"o\" data-font=\"Courier New\" data-listid=\"1\" data-list-defn-props=\"{&quot;335552541&quot;:1,&quot;335559685&quot;:1440,&quot;335559991&quot;:360,&quot;469769226&quot;:&quot;Courier New&quot;,&quot;469769242&quot;:[9675],&quot;469777803&quot;:&quot;left&quot;,&quot;469777804&quot;:&quot;o&quot;,&quot;469777815&quot;:&quot;hybridMultilevel&quot;}\" data-aria-posinset=\"1\" data-aria-level=\"2\">Carte de citoyennet\u00e9 canadienne (avec photo)<\/li>\r\n \t<li aria-setsize=\"-1\" data-leveltext=\"o\" data-font=\"Courier New\" data-listid=\"1\" data-list-defn-props=\"{&quot;335552541&quot;:1,&quot;335559685&quot;:1440,&quot;335559991&quot;:360,&quot;469769226&quot;:&quot;Courier New&quot;,&quot;469769242&quot;:[9675],&quot;469777803&quot;:&quot;left&quot;,&quot;469777804&quot;:&quot;o&quot;,&quot;469777815&quot;:&quot;hybridMultilevel&quot;}\" data-aria-posinset=\"1\" data-aria-level=\"2\">Carte de r\u00e9sident permanent canadien<\/li>\r\n \t<li aria-setsize=\"-1\" data-leveltext=\"o\" data-font=\"Courier New\" data-listid=\"1\" data-list-defn-props=\"{&quot;335552541&quot;:1,&quot;335559685&quot;:1440,&quot;335559991&quot;:360,&quot;469769226&quot;:&quot;Courier New&quot;,&quot;469769242&quot;:[9675],&quot;469777803&quot;:&quot;left&quot;,&quot;469777804&quot;:&quot;o&quot;,&quot;469777815&quot;:&quot;hybridMultilevel&quot;}\" data-aria-posinset=\"1\" data-aria-level=\"2\">Documents d&rsquo;immigration (avec photo)<\/li>\r\n \t<li aria-setsize=\"-1\" data-leveltext=\"o\" data-font=\"Courier New\" data-listid=\"1\" data-list-defn-props=\"{&quot;335552541&quot;:1,&quot;335559685&quot;:1440,&quot;335559991&quot;:360,&quot;469769226&quot;:&quot;Courier New&quot;,&quot;469769242&quot;:[9675],&quot;469777803&quot;:&quot;left&quot;,&quot;469777804&quot;:&quot;o&quot;,&quot;469777815&quot;:&quot;hybridMultilevel&quot;}\" data-aria-posinset=\"1\" data-aria-level=\"2\">Permis de conduire<\/li>\r\n \t<li aria-setsize=\"-1\" data-leveltext=\"o\" data-font=\"Courier New\" data-listid=\"1\" data-list-defn-props=\"{&quot;335552541&quot;:1,&quot;335559685&quot;:1440,&quot;335559991&quot;:360,&quot;469769226&quot;:&quot;Courier New&quot;,&quot;469769242&quot;:[9675],&quot;469777803&quot;:&quot;left&quot;,&quot;469777804&quot;:&quot;o&quot;,&quot;469777815&quot;:&quot;hybridMultilevel&quot;}\" data-aria-posinset=\"1\" data-aria-level=\"2\">Carte d&rsquo;identit\u00e9 avec photo de l&rsquo;Ontario<\/li>\r\n \t<li aria-setsize=\"-1\" data-leveltext=\"o\" data-font=\"Courier New\" data-listid=\"1\" data-list-defn-props=\"{&quot;335552541&quot;:1,&quot;335559685&quot;:1440,&quot;335559991&quot;:360,&quot;469769226&quot;:&quot;Courier New&quot;,&quot;469769242&quot;:[9675],&quot;469777803&quot;:&quot;left&quot;,&quot;469777804&quot;:&quot;o&quot;,&quot;469777815&quot;:&quot;hybridMultilevel&quot;}\" data-aria-posinset=\"1\" data-aria-level=\"2\">Carte de statut d&rsquo;Indien<\/li>\r\n<\/ul>\r\n<\/td>\r\n<td data-celllook=\"0\">\r\n<ul>\r\n \t<li aria-setsize=\"-1\" data-leveltext=\"o\" data-font=\"Courier New\" data-listid=\"1\" data-list-defn-props=\"{&quot;335552541&quot;:1,&quot;335559685&quot;:1440,&quot;335559991&quot;:360,&quot;469769226&quot;:&quot;Courier New&quot;,&quot;469769242&quot;:[9675],&quot;469777803&quot;:&quot;left&quot;,&quot;469777804&quot;:&quot;o&quot;,&quot;469777815&quot;:&quot;hybridMultilevel&quot;}\" data-aria-posinset=\"8\" data-aria-level=\"2\">Acte de naissance (Canada ou \u00c9tats-Unis)<\/li>\r\n \t<li aria-setsize=\"-1\" data-leveltext=\"o\" data-font=\"Courier New\" data-listid=\"1\" data-list-defn-props=\"{&quot;335552541&quot;:1,&quot;335559685&quot;:1440,&quot;335559991&quot;:360,&quot;469769226&quot;:&quot;Courier New&quot;,&quot;469769242&quot;:[9675],&quot;469777803&quot;:&quot;left&quot;,&quot;469777804&quot;:&quot;o&quot;,&quot;469777815&quot;:&quot;hybridMultilevel&quot;}\" data-aria-posinset=\"8\" data-aria-level=\"2\">Documents d&rsquo;immigration (sans photo)<\/li>\r\n \t<li aria-setsize=\"-1\" data-leveltext=\"o\" data-font=\"Courier New\" data-listid=\"1\" data-list-defn-props=\"{&quot;335552541&quot;:1,&quot;335559685&quot;:1440,&quot;335559991&quot;:360,&quot;469769226&quot;:&quot;Courier New&quot;,&quot;469769242&quot;:[9675],&quot;469777803&quot;:&quot;left&quot;,&quot;469777804&quot;:&quot;o&quot;,&quot;469777815&quot;:&quot;hybridMultilevel&quot;}\" data-aria-posinset=\"8\" data-aria-level=\"2\">Fiche d&rsquo;\u00e9tablissement (IMM1000)<\/li>\r\n \t<li aria-setsize=\"-1\" data-leveltext=\"o\" data-font=\"Courier New\" data-listid=\"1\" data-list-defn-props=\"{&quot;335552541&quot;:1,&quot;335559685&quot;:1440,&quot;335559991&quot;:360,&quot;469769226&quot;:&quot;Courier New&quot;,&quot;469769242&quot;:[9675],&quot;469777803&quot;:&quot;left&quot;,&quot;469777804&quot;:&quot;o&quot;,&quot;469777815&quot;:&quot;hybridMultilevel&quot;}\" data-aria-posinset=\"8\" data-aria-level=\"2\">Confirmation de r\u00e9sidence permanente (IMM5292)<\/li>\r\n \t<li aria-setsize=\"-1\" data-leveltext=\"o\" data-font=\"Courier New\" data-listid=\"1\" data-list-defn-props=\"{&quot;335552541&quot;:1,&quot;335559685&quot;:1440,&quot;335559991&quot;:360,&quot;469769226&quot;:&quot;Courier New&quot;,&quot;469769242&quot;:[9675],&quot;469777803&quot;:&quot;left&quot;,&quot;469777804&quot;:&quot;o&quot;,&quot;469777815&quot;:&quot;hybridMultilevel&quot;}\" data-aria-posinset=\"8\" data-aria-level=\"2\">Permis de travail (IMM1442)<\/li>\r\n<\/ul>\r\n<\/td>\r\n<\/tr>\r\n<\/tbody>\r\n<\/table>\r\n<ul>\r\n \t<li style=\"list-style-type: none;\">\r\n<ul>\r\n \t<li aria-setsize=\"-1\" data-leveltext=\"o\" data-font=\"Courier New\" data-listid=\"1\" data-list-defn-props=\"{&quot;335552541&quot;:1,&quot;335559685&quot;:1440,&quot;335559991&quot;:360,&quot;469769226&quot;:&quot;Courier New&quot;,&quot;469769242&quot;:[9675],&quot;469777803&quot;:&quot;left&quot;,&quot;469777804&quot;:&quot;o&quot;,&quot;469777815&quot;:&quot;hybridMultilevel&quot;}\" data-aria-posinset=\"1\" data-aria-level=\"2\">Les cartes de sant\u00e9 et les cartes d&rsquo;\u00e9tudiant <strong>NE SONT PAS<\/strong> des pi\u00e8ces d&rsquo;identit\u00e9 valides.<\/li>\r\n<\/ul>\r\n<\/li>\r\n<\/ul>\r\n<ul>\r\n \t<li aria-setsize=\"-1\" data-leveltext=\"\uf0b7\" data-font=\"Symbol\" data-listid=\"10\" data-list-defn-props=\"{&quot;335552541&quot;:1,&quot;335559685&quot;:720,&quot;335559991&quot;:360,&quot;469769226&quot;:&quot;Symbol&quot;,&quot;469769242&quot;:[8226],&quot;469777803&quot;:&quot;left&quot;,&quot;469777804&quot;:&quot;\uf0b7&quot;,&quot;469777815&quot;:&quot;multilevel&quot;}\" data-aria-posinset=\"9\" data-aria-level=\"1\">Les demandeurs d&rsquo;asile doivent \u00eatre titulaires d&rsquo;un permis de travail valide. Valable jusqu&rsquo;en septembre 2026.<\/li>\r\n \t<li aria-setsize=\"-1\" data-leveltext=\"\uf0b7\" data-font=\"Symbol\" data-listid=\"10\" data-list-defn-props=\"{&quot;335552541&quot;:1,&quot;335559685&quot;:720,&quot;335559991&quot;:360,&quot;469769226&quot;:&quot;Symbol&quot;,&quot;469769242&quot;:[8226],&quot;469777803&quot;:&quot;left&quot;,&quot;469777804&quot;:&quot;\uf0b7&quot;,&quot;469777815&quot;:&quot;multilevel&quot;}\" data-aria-posinset=\"9\" data-aria-level=\"1\">Remplissez une demande en ligne.<\/li>\r\n<\/ul>\r\n<strong>Pour \u00eatre s\u00e9lectionn\u00e9s, les candidats doivent remplir un formulaire de candidature en ligne et participer \u00e0 un entretien avec l&rsquo;\u00e9quipe d&rsquo;Avenir Jeunesse et le personnel municipal. Le portail de candidature ouvrira le 31 octobre 2025.<\/strong>\t\t\t\t\t\t<\/div>\n\t\t\t\t<\/div>\n\t\t\t\t\t<\/div>\n\t\t<\/div>\n\t\t\t\t\t<\/div>\n\t\t<\/section>\n\t\t\t\t<\/div>\n\t\t","protected":false},"excerpt":{"rendered":"<p>Si vous avez entre 16 et 21 ans, que vous fr\u00e9quentez activement le lyc\u00e9e et que vous \u00eates int\u00e9ress\u00e9 par : Acqu\u00e9rir ou am\u00e9liorer vos comp\u00e9tences en leadership, en communication et en r\u00e9solution de conflits Acqu\u00e9rir de nouvelles comp\u00e9tences professionnelles et des opportunit\u00e9s de r\u00e9seautage Am\u00e9liorer vos perspectives d&rsquo;\u00e9tudes sup\u00e9rieures et d&#8217;emploi B\u00e9n\u00e9ficier des conseils [&hellip;]<\/p>\n","protected":false},"author":1,"featured_media":0,"parent":803,"menu_order":0,"comment_status":"closed","ping_status":"closed","template":"","meta":{"footnotes":""},"class_list":["post-904","page","type-page","status-publish","hentry"],"_links":{"self":[{"href":"https:\/\/youth-futures.com\/fr\/wp-json\/wp\/v2\/pages\/904","targetHints":{"allow":["GET"]}}],"collection":[{"href":"https:\/\/youth-futures.com\/fr\/wp-json\/wp\/v2\/pages"}],"about":[{"href":"https:\/\/youth-futures.com\/fr\/wp-json\/wp\/v2\/types\/page"}],"author":[{"embeddable":true,"href":"https:\/\/youth-futures.com\/fr\/wp-json\/wp\/v2\/users\/1"}],"replies":[{"embeddable":true,"href":"https:\/\/youth-futures.com\/fr\/wp-json\/wp\/v2\/comments?post=904"}],"version-history":[{"count":13,"href":"https:\/\/youth-futures.com\/fr\/wp-json\/wp\/v2\/pages\/904\/revisions"}],"predecessor-version":[{"id":1662,"href":"https:\/\/youth-futures.com\/fr\/wp-json\/wp\/v2\/pages\/904\/revisions\/1662"}],"up":[{"embeddable":true,"href":"https:\/\/youth-futures.com\/fr\/wp-json\/wp\/v2\/pages\/803"}],"wp:attachment":[{"href":"https:\/\/youth-futures.com\/fr\/wp-json\/wp\/v2\/media?parent=904"}],"curies":[{"name":"wp","href":"https:\/\/api.w.org\/{rel}","templated":true}]}}